{"id":93,"date":"2022-10-17T11:08:32","date_gmt":"2022-10-17T09:08:32","guid":{"rendered":"http:\/\/atelier36-archi.fr\/?page_id=93"},"modified":"2025-12-18T09:30:52","modified_gmt":"2025-12-18T08:30:52","slug":"accueil","status":"publish","type":"page","link":"https:\/\/atelier36-archi.fr\/","title":{"rendered":"Actualit\u00e9s"},"content":{"rendered":"\n<div class=\"wp-block-group alignwide\"><div class=\"wp-block-group__inner-container is-layout-constrained wp-block-group-is-layout-constrained\">\n<div class=\"wp-block-group alignwide\"><div class=\"wp-block-group__inner-container is-layout-constrained wp-block-group-is-layout-constrained\">\n<div class=\"wp-block-columns is-layout-flex wp-container-core-columns-is-layout-9d6595d7 wp-block-columns-is-layout-flex\">\n<div class=\"wp-block-column is-layout-flow wp-block-column-is-layout-flow\" style=\"flex-basis:50%\">\n<figure class=\"wp-block-image size-large\"><img loading=\"lazy\" decoding=\"async\" width=\"1024\" height=\"768\" src=\"https:\/\/atelier36-archi.fr\/wp-content\/uploads\/2025\/12\/IMG_1082-1024x768.jpg\" alt=\"\" class=\"wp-image-684\" srcset=\"https:\/\/atelier36-archi.fr\/wp-content\/uploads\/2025\/12\/IMG_1082-1024x768.jpg 1024w, https:\/\/atelier36-archi.fr\/wp-content\/uploads\/2025\/12\/IMG_1082-300x225.jpg 300w, https:\/\/atelier36-archi.fr\/wp-content\/uploads\/2025\/12\/IMG_1082-768x576.jpg 768w, https:\/\/atelier36-archi.fr\/wp-content\/uploads\/2025\/12\/IMG_1082-1536x1152.jpg 1536w, https:\/\/atelier36-archi.fr\/wp-content\/uploads\/2025\/12\/IMG_1082-2048x1536.jpg 2048w\" sizes=\"auto, (max-width: 706px) 89vw, (max-width: 767px) 82vw, 740px\" \/><\/figure>\n\n\n\n<figure class=\"wp-block-image size-large\"><img loading=\"lazy\" decoding=\"async\" width=\"1024\" height=\"678\" src=\"https:\/\/atelier36-archi.fr\/wp-content\/uploads\/2025\/12\/IMG_1094-1024x678.jpg\" alt=\"\" class=\"wp-image-685\" srcset=\"https:\/\/atelier36-archi.fr\/wp-content\/uploads\/2025\/12\/IMG_1094-1024x678.jpg 1024w, https:\/\/atelier36-archi.fr\/wp-content\/uploads\/2025\/12\/IMG_1094-300x199.jpg 300w, https:\/\/atelier36-archi.fr\/wp-content\/uploads\/2025\/12\/IMG_1094-768x508.jpg 768w, https:\/\/atelier36-archi.fr\/wp-content\/uploads\/2025\/12\/IMG_1094-1536x1016.jpg 1536w, https:\/\/atelier36-archi.fr\/wp-content\/uploads\/2025\/12\/IMG_1094-2048x1355.jpg 2048w\" sizes=\"auto, (max-width: 706px) 89vw, (max-width: 767px) 82vw, 740px\" \/><\/figure>\n<\/div>\n\n\n\n<div class=\"wp-block-column is-layout-flow wp-block-column-is-layout-flow\" style=\"flex-basis:50%\">\n<p class=\"has-small-font-size\">D\u00e9cembre 2025<\/p>\n\n\n\n<p class=\"has-small-font-size\">\ud83c\udfd7\ufe0f Le chantier de la HALLE \u00e0 LE PORGE&nbsp;!<\/p>\n\n\n\n<p class=\"has-small-font-size\">Arriv\u00e9e de la structure bois + CLT. A suivre&#8230; les gradins!<\/p>\n\n\n\n<p class=\"has-small-font-size\">Ma\u00eetrise d\u2019Ouvrage&nbsp;: COMMUNE LE PORGE (33)<\/p>\n\n\n\n<p class=\"has-small-font-size\">Equipe de MOE&nbsp;: ATELIER 36, architecte mandataire, Elioth, by Egis, BET structure<\/p>\n\n\n\n<p class=\"has-small-font-size\">Entreprises&nbsp;: GESSEY, PYRENEES CHARPENTES, SIREC, S.E.L.A., EIFFAGE ROUTE<\/p>\n<\/div>\n<\/div>\n\n\n\n<div class=\"wp-block-columns is-layout-flex wp-container-core-columns-is-layout-9d6595d7 wp-block-columns-is-layout-flex\">\n<div class=\"wp-block-column is-layout-flow wp-block-column-is-layout-flow\" style=\"flex-basis:50%\">\n<figure class=\"wp-block-image\"><img loading=\"lazy\" decoding=\"async\" width=\"768\" height=\"1024\" src=\"https:\/\/atelier36-archi.fr\/wp-content\/uploads\/2025\/11\/IMG_5693-3-768x1024.jpeg\" alt=\"\" class=\"wp-image-670\" srcset=\"https:\/\/atelier36-archi.fr\/wp-content\/uploads\/2025\/11\/IMG_5693-3-768x1024.jpeg 768w, https:\/\/atelier36-archi.fr\/wp-content\/uploads\/2025\/11\/IMG_5693-3-225x300.jpeg 225w, https:\/\/atelier36-archi.fr\/wp-content\/uploads\/2025\/11\/IMG_5693-3-1152x1536.jpeg 1152w, https:\/\/atelier36-archi.fr\/wp-content\/uploads\/2025\/11\/IMG_5693-3-1536x2048.jpeg 1536w, https:\/\/atelier36-archi.fr\/wp-content\/uploads\/2025\/11\/IMG_5693-3-scaled.jpeg 1920w\" sizes=\"auto, (max-width: 706px) 89vw, (max-width: 767px) 82vw, 740px\" \/><\/figure>\n<\/div>\n\n\n\n<div class=\"wp-block-column is-layout-flow wp-block-column-is-layout-flow\" style=\"flex-basis:50%\">\n<p class=\"has-small-font-size\">Novembre 2025<\/p>\n\n\n\n<p class=\"has-small-font-size\">\ud83c\udfd7\ufe0f Le chantier de la HALLE \u00e0 LE PORGE&nbsp;!<\/p>\n\n\n\n<p class=\"has-small-font-size\">Fondations termin\u00e9es. Prototype du garde-coprs + structure + CLT.<\/p>\n\n\n\n<p class=\"has-small-font-size\">Nous attendons tous avec impatience la structure bois! \ud83e\udeb5<\/p>\n\n\n\n<p class=\"has-small-font-size\">Ma\u00eetrise d\u2019Ouvrage&nbsp;: COMMUNE LE PORGE (33)<\/p>\n\n\n\n<p class=\"has-small-font-size\">Equipe de MOE&nbsp;: ATELIER 36, architecte mandataire, Elioth, by Egis, BET structure<\/p>\n\n\n\n<p class=\"has-small-font-size\">Entreprises&nbsp;: GESSEY, PYRENEES CHARPENTES, SIREC, S.E.L.A., EIFFAGE ROUTE<\/p>\n<\/div>\n<\/div>\n\n\n\n<div class=\"wp-block-media-text is-stacked-on-mobile\"><figure class=\"wp-block-media-text__media\"><img loading=\"lazy\" decoding=\"async\" width=\"1024\" height=\"485\" src=\"http:\/\/atelier36-archi.fr\/wp-content\/uploads\/2025\/07\/demarrage-chantier-2-1024x485.jpg\" alt=\"\" class=\"wp-image-625 size-full\" srcset=\"https:\/\/atelier36-archi.fr\/wp-content\/uploads\/2025\/07\/demarrage-chantier-2-1024x485.jpg 1024w, https:\/\/atelier36-archi.fr\/wp-content\/uploads\/2025\/07\/demarrage-chantier-2-300x142.jpg 300w, https:\/\/atelier36-archi.fr\/wp-content\/uploads\/2025\/07\/demarrage-chantier-2-768x363.jpg 768w, https:\/\/atelier36-archi.fr\/wp-content\/uploads\/2025\/07\/demarrage-chantier-2-1536x727.jpg 1536w, https:\/\/atelier36-archi.fr\/wp-content\/uploads\/2025\/07\/demarrage-chantier-2-2048x969.jpg 2048w\" sizes=\"auto, (max-width: 706px) 89vw, (max-width: 767px) 82vw, 740px\" \/><\/figure><div class=\"wp-block-media-text__content\">\n<p class=\"has-small-font-size\">Aout 2025<\/p>\n\n\n\n<p>Lancement du chantier de la HALLE au Porge !<\/p>\n<\/div><\/div>\n\n\n\n<div class=\"wp-block-media-text alignwide is-stacked-on-mobile has-background\" style=\"background-color:#00000082\"><figure class=\"wp-block-media-text__media\"><img loading=\"lazy\" decoding=\"async\" width=\"480\" height=\"480\" src=\"https:\/\/atelier36-archi.fr\/wp-content\/uploads\/2025\/07\/offre-retenue-Urgeces-Rochefort.gif\" alt=\"\" class=\"wp-image-629 size-full\"\/><\/figure><div class=\"wp-block-media-text__content\">\n<p class=\"has-medium-font-size\">ATELIER 36  &#8211; LAUREAT de l&#8217;Appel d&#8217;offre<\/p>\n\n\n\n<p class=\"has-medium-font-size\"><a href=\"https:\/\/atelier36-archi.fr\/?page_id=637\" data-type=\"page\" data-id=\"637\">EXTENSION DES URGENCES DU CH DE ROCHEFORT<\/a><\/p>\n\n\n\n<p class=\"has-text-align-left has-white-color has-text-color has-small-font-size\"><a href=\"https:\/\/atelier36-archi.fr\/?page_id=637\" data-type=\"page\" data-id=\"637\">GHT HOPITAUX LA ROCHELLE-RE-AUNIS<\/a><\/p>\n<\/div><\/div>\n<\/div><\/div>\n\n\n\n<div class=\"wp-block-media-text alignwide is-stacked-on-mobile has-background\" style=\"background-color:#00000082\"><figure class=\"wp-block-media-text__media\"><img loading=\"lazy\" decoding=\"async\" width=\"480\" height=\"480\" src=\"http:\/\/atelier36-archi.fr\/wp-content\/uploads\/2025\/02\/pc-LE-PORGE-2.gif\" alt=\"\" class=\"wp-image-551 size-full\"\/><\/figure><div class=\"wp-block-media-text__content\">\n<p class=\"has-medium-font-size\">PC OBTENU !!! \ud83d\ude42<\/p>\n\n\n\n<p class=\"has-medium-font-size\"><a href=\"http:\/\/atelier36-archi.fr\/?page_id=422\" data-type=\"page\" data-id=\"422\">Construction d&#8217;une Halle Ombri\u00e8re en bois<\/a><\/p>\n\n\n\n<p class=\"has-text-align-left has-white-color has-text-color has-small-font-size\"><a href=\"http:\/\/atelier36-archi.fr\/?page_id=422\" data-type=\"page\" data-id=\"422\">MAIRIE LE PORGE (33)<\/a><\/p>\n<\/div><\/div>\n\n\n\n<p class=\"has-medium-font-size\"><\/p>\n\n\n\n<div class=\"wp-block-media-text alignwide is-stacked-on-mobile has-background\" style=\"background-color:#00000082\"><figure class=\"wp-block-media-text__media\"><img loading=\"lazy\" decoding=\"async\" width=\"1024\" height=\"1002\" src=\"http:\/\/atelier36-archi.fr\/wp-content\/uploads\/2025\/02\/pers-2-1024x1002.jpg\" alt=\"\" class=\"wp-image-610 size-full\" srcset=\"https:\/\/atelier36-archi.fr\/wp-content\/uploads\/2025\/02\/pers-2-1024x1002.jpg 1024w, https:\/\/atelier36-archi.fr\/wp-content\/uploads\/2025\/02\/pers-2-300x294.jpg 300w, https:\/\/atelier36-archi.fr\/wp-content\/uploads\/2025\/02\/pers-2-768x751.jpg 768w, https:\/\/atelier36-archi.fr\/wp-content\/uploads\/2025\/02\/pers-2-1536x1503.jpg 1536w, https:\/\/atelier36-archi.fr\/wp-content\/uploads\/2025\/02\/pers-2-2048x2004.jpg 2048w\" sizes=\"auto, (max-width: 706px) 89vw, (max-width: 767px) 82vw, 740px\" \/><\/figure><div class=\"wp-block-media-text__content\">\n<p style=\"font-size:17px\">Ouverture au public le 3 f\u00e9vrier 2025!<\/p>\n\n\n\n<p class=\"has-medium-font-size\"><a href=\"http:\/\/atelier36-archi.fr\/?page_id=599\">Cr\u00e9ation d&#8217;un accueil de jour, EHPAD R\u00e9sidence Aquitaine, M\u00e9rignac (33)<\/a><\/p>\n\n\n\n<p class=\"has-text-align-left has-white-color has-text-color has-small-font-size\"><a href=\"http:\/\/atelier36-archi.fr\/?page_id=599\">Fondation Eric et Odette Bock\u00e9, M\u00e9rignac (33)<\/a><\/p>\n<\/div><\/div>\n\n\n\n<div class=\"wp-block-media-text alignwide is-stacked-on-mobile has-background\" style=\"background-color:#00000082;grid-template-columns:70% auto\"><figure class=\"wp-block-media-text__media\"><img loading=\"lazy\" decoding=\"async\" width=\"2560\" height=\"1834\" src=\"http:\/\/atelier36-archi.fr\/wp-content\/uploads\/2024\/06\/Mag_12_LePorge-1-scaled.jpg\" alt=\"\" class=\"wp-image-517 size-full\" srcset=\"https:\/\/atelier36-archi.fr\/wp-content\/uploads\/2024\/06\/Mag_12_LePorge-1-scaled.jpg 2560w, https:\/\/atelier36-archi.fr\/wp-content\/uploads\/2024\/06\/Mag_12_LePorge-1-300x215.jpg 300w, https:\/\/atelier36-archi.fr\/wp-content\/uploads\/2024\/06\/Mag_12_LePorge-1-1024x734.jpg 1024w, https:\/\/atelier36-archi.fr\/wp-content\/uploads\/2024\/06\/Mag_12_LePorge-1-768x550.jpg 768w, https:\/\/atelier36-archi.fr\/wp-content\/uploads\/2024\/06\/Mag_12_LePorge-1-1536x1100.jpg 1536w, https:\/\/atelier36-archi.fr\/wp-content\/uploads\/2024\/06\/Mag_12_LePorge-1-2048x1467.jpg 2048w\" sizes=\"auto, (max-width: 706px) 89vw, (max-width: 767px) 82vw, 740px\" \/><\/figure><div class=\"wp-block-media-text__content\">\n<p class=\"has-text-align-left has-white-color has-text-color has-medium-font-size\">Publication Halle Le Porge (33)<\/p>\n\n\n\n<p><a href=\"https:\/\/www.mairie-le-porge.com\/_files\/ugd\/53f2ca_2677416271844c2e8a6fbad1315a373f.pdf#page=7\">https:\/\/www.mairie-le-porge.com\/_files\/ugd\/53f2ca_2677416271844c2e8a6fbad1315a373f.pdf#page=7<\/a><\/p>\n<\/div><\/div>\n\n\n\n<div class=\"wp-block-media-text alignwide is-stacked-on-mobile has-background\" style=\"background-color:#00000082\"><figure class=\"wp-block-media-text__media\"><img loading=\"lazy\" decoding=\"async\" width=\"480\" height=\"480\" src=\"http:\/\/atelier36-archi.fr\/wp-content\/uploads\/2024\/05\/offre-retenue-LE-PORGE3.gif\" alt=\"\" class=\"wp-image-417 size-full\"\/><\/figure><div class=\"wp-block-media-text__content\">\n<p class=\"has-medium-font-size\"><a href=\"http:\/\/atelier36-archi.fr\/?page_id=422\" data-type=\"page\" data-id=\"422\">Construction d&#8217;une Halle Ombri\u00e8re en bois<\/a><\/p>\n\n\n\n<p class=\"has-small-font-size\"><a href=\"http:\/\/atelier36-archi.fr\/?page_id=422\" data-type=\"page\" data-id=\"422\">MAIRIE LE PORGE (33)<\/a><\/p>\n\n\n\n<p class=\"has-text-align-left has-white-color has-text-color has-medium-font-size\"><\/p>\n<\/div><\/div>\n\n\n\n<div class=\"wp-block-media-text alignwide is-stacked-on-mobile has-background\" style=\"background-color:#00000082\"><figure class=\"wp-block-media-text__media\"><img loading=\"lazy\" decoding=\"async\" width=\"720\" height=\"720\" src=\"http:\/\/atelier36-archi.fr\/wp-content\/uploads\/2023\/10\/ST-LAURENT-MEDOC-1.gif\" alt=\"\" class=\"wp-image-349 size-full\"\/><\/figure><div class=\"wp-block-media-text__content\">\n<p class=\"has-medium-font-size\"><a href=\"http:\/\/atelier36-archi.fr\/?page_id=287\" data-type=\"page\" data-id=\"287\">Internat et salles d&#8217;activit\u00e9s \u00e0 St Laurent M\u00e9doc (33)<\/a><\/p>\n\n\n\n<p class=\"has-text-align-left has-white-color has-text-color has-small-font-size\"><a href=\"http:\/\/atelier36-archi.fr\/?page_id=287\" data-type=\"page\" data-id=\"287\">ADAPEI 33<\/a><\/p>\n<\/div><\/div>\n\n\n\n<div class=\"wp-block-media-text alignwide is-stacked-on-mobile has-background\" style=\"background-color:#00000082\"><figure class=\"wp-block-media-text__media\"><img loading=\"lazy\" decoding=\"async\" width=\"2548\" height=\"2160\" src=\"http:\/\/atelier36-archi.fr\/wp-content\/uploads\/2023\/05\/image-coursive-NB-1.jpg\" alt=\"\" class=\"wp-image-271 size-full\" srcset=\"https:\/\/atelier36-archi.fr\/wp-content\/uploads\/2023\/05\/image-coursive-NB-1.jpg 2548w, https:\/\/atelier36-archi.fr\/wp-content\/uploads\/2023\/05\/image-coursive-NB-1-300x254.jpg 300w, https:\/\/atelier36-archi.fr\/wp-content\/uploads\/2023\/05\/image-coursive-NB-1-1024x868.jpg 1024w, https:\/\/atelier36-archi.fr\/wp-content\/uploads\/2023\/05\/image-coursive-NB-1-768x651.jpg 768w, https:\/\/atelier36-archi.fr\/wp-content\/uploads\/2023\/05\/image-coursive-NB-1-1536x1302.jpg 1536w, https:\/\/atelier36-archi.fr\/wp-content\/uploads\/2023\/05\/image-coursive-NB-1-2048x1736.jpg 2048w\" sizes=\"auto, (max-width: 706px) 89vw, (max-width: 767px) 82vw, 740px\" \/><\/figure><div class=\"wp-block-media-text__content\">\n<p class=\"has-text-align-left has-white-color has-text-color has-medium-font-size\"><a href=\"http:\/\/atelier36-archi.fr\/?page_id=369\" data-type=\"link\" data-id=\"http:\/\/atelier36-archi.fr\/?page_id=369\">Faisabilit\u00e9 ADAPEI Foyer d\u2019h\u00e9bergement \u00e0 Blanquefort (33)<\/a><\/p>\n\n\n\n<p class=\"has-small-font-size\"><a href=\"http:\/\/atelier36-archi.fr\/?page_id=369\">ADAPEI 33<\/a><\/p>\n<\/div><\/div>\n\n\n\n<div class=\"wp-block-media-text alignwide is-stacked-on-mobile is-image-fill-element has-white-color has-text-color has-background has-medium-font-size\" style=\"background-color:#000000c2\"><figure class=\"wp-block-media-text__media\"><img loading=\"lazy\" decoding=\"async\" width=\"2339\" height=\"1653\" src=\"http:\/\/atelier36-archi.fr\/wp-content\/uploads\/2023\/05\/Croquis-canopee-3.jpg\" alt=\"\" class=\"wp-image-272 size-full\" style=\"object-position:50% 50%\" srcset=\"https:\/\/atelier36-archi.fr\/wp-content\/uploads\/2023\/05\/Croquis-canopee-3.jpg 2339w, https:\/\/atelier36-archi.fr\/wp-content\/uploads\/2023\/05\/Croquis-canopee-3-300x212.jpg 300w, https:\/\/atelier36-archi.fr\/wp-content\/uploads\/2023\/05\/Croquis-canopee-3-1024x724.jpg 1024w, https:\/\/atelier36-archi.fr\/wp-content\/uploads\/2023\/05\/Croquis-canopee-3-768x543.jpg 768w, https:\/\/atelier36-archi.fr\/wp-content\/uploads\/2023\/05\/Croquis-canopee-3-1536x1086.jpg 1536w, https:\/\/atelier36-archi.fr\/wp-content\/uploads\/2023\/05\/Croquis-canopee-3-2048x1447.jpg 2048w\" sizes=\"auto, (max-width: 706px) 89vw, (max-width: 767px) 82vw, 740px\" \/><\/figure><div class=\"wp-block-media-text__content\">\n<div class=\"wp-block-group\"><div class=\"wp-block-group__inner-container is-layout-flow wp-block-group-is-layout-flow\">\n<p class=\"has-text-align-left has-medium-font-size\"><a href=\"http:\/\/atelier36-archi.fr\/?page_id=300\" data-type=\"page\" data-id=\"300\">Offre MARPA de 30 logements seniors \u00e0 Moliets et Maa (40)<\/a><\/p>\n\n\n\n<p class=\"has-small-font-size\"><a href=\"http:\/\/atelier36-archi.fr\/?page_id=300\">XL Habitat<\/a><\/p>\n<\/div><\/div>\n<\/div><\/div>\n\n\n\n<div class=\"wp-block-media-text alignwide is-stacked-on-mobile is-image-fill-element has-white-color has-text-color has-background has-medium-font-size\" style=\"background-color:#000000c2\"><figure class=\"wp-block-media-text__media\"><img loading=\"lazy\" decoding=\"async\" width=\"1024\" height=\"679\" src=\"http:\/\/atelier36-archi.fr\/wp-content\/uploads\/2023\/05\/VOLUMETRIE-AVEC-AUVENT-1024x679.jpg\" alt=\"\" class=\"wp-image-247 size-full\" style=\"object-position:50% 50%\" srcset=\"https:\/\/atelier36-archi.fr\/wp-content\/uploads\/2023\/05\/VOLUMETRIE-AVEC-AUVENT-1024x679.jpg 1024w, https:\/\/atelier36-archi.fr\/wp-content\/uploads\/2023\/05\/VOLUMETRIE-AVEC-AUVENT-300x199.jpg 300w, https:\/\/atelier36-archi.fr\/wp-content\/uploads\/2023\/05\/VOLUMETRIE-AVEC-AUVENT-768x509.jpg 768w, https:\/\/atelier36-archi.fr\/wp-content\/uploads\/2023\/05\/VOLUMETRIE-AVEC-AUVENT-1536x1019.jpg 1536w, https:\/\/atelier36-archi.fr\/wp-content\/uploads\/2023\/05\/VOLUMETRIE-AVEC-AUVENT-2048x1358.jpg 2048w\" sizes=\"auto, (max-width: 706px) 89vw, (max-width: 767px) 82vw, 740px\" \/><\/figure><div class=\"wp-block-media-text__content\">\n<div class=\"wp-block-group\"><div class=\"wp-block-group__inner-container is-layout-flow wp-block-group-is-layout-flow\">\n<p class=\"has-text-align-left has-medium-font-size\"><a href=\"http:\/\/atelier36-archi.fr\/?page_id=311\" data-type=\"page\" data-id=\"311\">Faisabilit\u00e9 HDJ adultes Clinique B\u00e9thanie \u00e0 Talence (33)<\/a><\/p>\n\n\n\n<p class=\"has-small-font-size\"><a href=\"http:\/\/atelier36-archi.fr\/?page_id=311\">Clinique B\u00e9thanie, Talence(33)<\/a><\/p>\n<\/div><\/div>\n<\/div><\/div>\n<\/div><\/div>\n","protected":false},"excerpt":{"rendered":"<p>D\u00e9cembre 2025 \ud83c\udfd7\ufe0f Le chantier de la HALLE \u00e0 LE PORGE&nbsp;! Arriv\u00e9e de la structure bois + CLT. A suivre&#8230; les gradins! Ma\u00eetrise d\u2019Ouvrage&nbsp;: COMMUNE LE PORGE (33) Equipe de MOE&nbsp;: ATELIER 36, architecte mandataire, Elioth, by Egis, BET structure Entreprises&nbsp;: GESSEY, PYRENEES CHARPENTES, SIREC, S.E.L.A., EIFFAGE ROUTE Novembre 2025 \ud83c\udfd7\ufe0f Le chantier de la &hellip; <\/p>\n<p class=\"link-more\"><a href=\"https:\/\/atelier36-archi.fr\/\" class=\"more-link\">Continue reading<span class=\"screen-reader-text\"> &#8220;Actualit\u00e9s&#8221;<\/span><\/a><\/p>\n","protected":false},"author":1,"featured_media":0,"parent":0,"menu_order":0,"comment_status":"closed","ping_status":"closed","template":"","meta":{"footnotes":""},"class_list":["post-93","page","type-page","status-publish","hentry"],"_links":{"self":[{"href":"https:\/\/atelier36-archi.fr\/index.php?rest_route=\/wp\/v2\/pages\/93","targetHints":{"allow":["GET"]}}],"collection":[{"href":"https:\/\/atelier36-archi.fr\/index.php?rest_route=\/wp\/v2\/pages"}],"about":[{"href":"https:\/\/atelier36-archi.fr\/index.php?rest_route=\/wp\/v2\/types\/page"}],"author":[{"embeddable":true,"href":"https:\/\/atelier36-archi.fr\/index.php?rest_route=\/wp\/v2\/users\/1"}],"replies":[{"embeddable":true,"href":"https:\/\/atelier36-archi.fr\/index.php?rest_route=%2Fwp%2Fv2%2Fcomments&post=93"}],"version-history":[{"count":57,"href":"https:\/\/atelier36-archi.fr\/index.php?rest_route=\/wp\/v2\/pages\/93\/revisions"}],"predecessor-version":[{"id":686,"href":"https:\/\/atelier36-archi.fr\/index.php?rest_route=\/wp\/v2\/pages\/93\/revisions\/686"}],"wp:attachment":[{"href":"https:\/\/atelier36-archi.fr\/index.php?rest_route=%2Fwp%2Fv2%2Fmedia&parent=93"}],"curies":[{"name":"wp","href":"https:\/\/api.w.org\/{rel}","templated":true}]}}