{"id":599,"date":"2025-02-17T15:04:24","date_gmt":"2025-02-17T14:04:24","guid":{"rendered":"http:\/\/atelier36-archi.fr\/?page_id=599"},"modified":"2025-02-18T12:28:47","modified_gmt":"2025-02-18T11:28:47","slug":"creation-dun-accueil-de-jour-ehpad-residence-aquitaine-merignac-33","status":"publish","type":"page","link":"https:\/\/atelier36-archi.fr\/?page_id=599","title":{"rendered":"Cr\u00e9ation d&#8217;un accueil de jour, EHPAD R\u00e9sidence Aquitaine, M\u00e9rignac (33)"},"content":{"rendered":"\n<figure class=\"wp-block-image size-large\"><img loading=\"lazy\" decoding=\"async\" width=\"1024\" height=\"1002\" src=\"http:\/\/atelier36-archi.fr\/wp-content\/uploads\/2025\/02\/pers-1-1024x1002.jpg\" alt=\"\" class=\"wp-image-600\" srcset=\"https:\/\/atelier36-archi.fr\/wp-content\/uploads\/2025\/02\/pers-1-1024x1002.jpg 1024w, https:\/\/atelier36-archi.fr\/wp-content\/uploads\/2025\/02\/pers-1-300x294.jpg 300w, https:\/\/atelier36-archi.fr\/wp-content\/uploads\/2025\/02\/pers-1-768x751.jpg 768w, https:\/\/atelier36-archi.fr\/wp-content\/uploads\/2025\/02\/pers-1-1536x1503.jpg 1536w, https:\/\/atelier36-archi.fr\/wp-content\/uploads\/2025\/02\/pers-1-2048x2004.jpg 2048w\" sizes=\"auto, (max-width: 706px) 89vw, (max-width: 767px) 82vw, 740px\" \/><\/figure>\n\n\n\n<p><strong>Maitre d\u2019Ouvrage :&nbsp;&nbsp; Fondation Eric et Odette Bock\u00e9<\/strong><\/p>\n\n\n\n<p><strong>Surface : &nbsp; &nbsp;&nbsp;&nbsp;&nbsp;&nbsp;&nbsp;70 m\u00b2 SDO<\/strong><\/p>\n\n\n\n<p><strong>Co\u00fbt : &nbsp; &nbsp;&nbsp;&nbsp;&nbsp;&nbsp;NC<\/strong><\/p>\n\n\n\n<p><strong>Type de march\u00e9&nbsp; &nbsp;&nbsp;&nbsp;&nbsp;&nbsp; priv\u00e9<\/strong><\/p>\n\n\n\n<p><strong>Mission:&nbsp; &nbsp;&nbsp;&nbsp;&nbsp;&nbsp; Mission partielle Autorisation de travau<\/strong>x<\/p>\n\n\n\n<p><strong>Phase :&nbsp; &nbsp;&nbsp;&nbsp;&nbsp;&nbsp;Livr\u00e9<\/strong><\/p>\n\n\n\n<p><strong>Livraison pr\u00e9vue :&nbsp;&nbsp;&nbsp; ouverture f\u00e9vrier&nbsp; 2025<\/strong><\/p>\n\n\n\n<div class=\"wp-block-columns alignfull is-not-stacked-on-mobile is-layout-flex wp-container-core-columns-is-layout-9d6595d7 wp-block-columns-is-layout-flex\">\n<div class=\"wp-block-column is-layout-flow wp-block-column-is-layout-flow\">\n<p><\/p>\n\n\n\n<figure class=\"wp-block-image size-full is-resized\"><a href=\"http:\/\/atelier36-archi.fr\/wp-content\/uploads\/2025\/02\/1.png\"><img loading=\"lazy\" decoding=\"async\" width=\"940\" height=\"788\" src=\"http:\/\/atelier36-archi.fr\/wp-content\/uploads\/2025\/02\/1.png\" alt=\"\" class=\"wp-image-605\" style=\"width:1000px\" srcset=\"https:\/\/atelier36-archi.fr\/wp-content\/uploads\/2025\/02\/1.png 940w, https:\/\/atelier36-archi.fr\/wp-content\/uploads\/2025\/02\/1-300x251.png 300w, https:\/\/atelier36-archi.fr\/wp-content\/uploads\/2025\/02\/1-768x644.png 768w\" sizes=\"auto, (max-width: 706px) 89vw, (max-width: 767px) 82vw, 740px\" \/><\/a><\/figure>\n\n\n\n<p style=\"font-size:9px\">Cr\u00e9dit image : Fondation Eric et Odette Bock\u00e9<\/p>\n\n\n\n<p><a href=\"https:\/\/fbocke.com\/\">www.fbocke.com<\/a><\/p>\n<\/div>\n<\/div>\n\n\n\n<p><\/p>\n","protected":false},"excerpt":{"rendered":"<p>Maitre d\u2019Ouvrage :&nbsp;&nbsp; Fondation Eric et Odette Bock\u00e9 Surface : &nbsp; &nbsp;&nbsp;&nbsp;&nbsp;&nbsp;&nbsp;70 m\u00b2 SDO Co\u00fbt : &nbsp; &nbsp;&nbsp;&nbsp;&nbsp;&nbsp;NC Type de march\u00e9&nbsp; &nbsp;&nbsp;&nbsp;&nbsp;&nbsp; priv\u00e9 Mission:&nbsp; &nbsp;&nbsp;&nbsp;&nbsp;&nbsp; Mission partielle Autorisation de travaux Phase :&nbsp; &nbsp;&nbsp;&nbsp;&nbsp;&nbsp;Livr\u00e9 Livraison pr\u00e9vue :&nbsp;&nbsp;&nbsp; ouverture f\u00e9vrier&nbsp; 2025 Cr\u00e9dit image : Fondation Eric et Odette Bock\u00e9 www.fbocke.com<\/p>\n","protected":false},"author":1,"featured_media":0,"parent":56,"menu_order":3,"comment_status":"closed","ping_status":"closed","template":"","meta":{"footnotes":""},"class_list":["post-599","page","type-page","status-publish","hentry"],"_links":{"self":[{"href":"https:\/\/atelier36-archi.fr\/index.php?rest_route=\/wp\/v2\/pages\/599","targetHints":{"allow":["GET"]}}],"collection":[{"href":"https:\/\/atelier36-archi.fr\/index.php?rest_route=\/wp\/v2\/pages"}],"about":[{"href":"https:\/\/atelier36-archi.fr\/index.php?rest_route=\/wp\/v2\/types\/page"}],"author":[{"embeddable":true,"href":"https:\/\/atelier36-archi.fr\/index.php?rest_route=\/wp\/v2\/users\/1"}],"replies":[{"embeddable":true,"href":"https:\/\/atelier36-archi.fr\/index.php?rest_route=%2Fwp%2Fv2%2Fcomments&post=599"}],"version-history":[{"count":5,"href":"https:\/\/atelier36-archi.fr\/index.php?rest_route=\/wp\/v2\/pages\/599\/revisions"}],"predecessor-version":[{"id":619,"href":"https:\/\/atelier36-archi.fr\/index.php?rest_route=\/wp\/v2\/pages\/599\/revisions\/619"}],"up":[{"embeddable":true,"href":"https:\/\/atelier36-archi.fr\/index.php?rest_route=\/wp\/v2\/pages\/56"}],"wp:attachment":[{"href":"https:\/\/atelier36-archi.fr\/index.php?rest_route=%2Fwp%2Fv2%2Fmedia&parent=599"}],"curies":[{"name":"wp","href":"https:\/\/api.w.org\/{rel}","templated":true}]}}