{"id":56,"date":"2022-09-21T12:18:58","date_gmt":"2022-09-21T10:18:58","guid":{"rendered":"http:\/\/atelier36-archi.fr\/?page_id=56"},"modified":"2025-07-30T16:06:18","modified_gmt":"2025-07-30T14:06:18","slug":"projets","status":"publish","type":"page","link":"https:\/\/atelier36-archi.fr\/?page_id=56","title":{"rendered":"Projets"},"content":{"rendered":"\n<div class=\"wp-block-group alignwide\"><div class=\"wp-block-group__inner-container is-layout-constrained wp-block-group-is-layout-constrained\">\n<div class=\"wp-block-media-text alignwide is-stacked-on-mobile is-vertically-aligned-center is-image-fill-element has-white-color has-black-background-color has-text-color has-background has-medium-font-size\"><figure class=\"wp-block-media-text__media\"><img loading=\"lazy\" decoding=\"async\" width=\"1024\" height=\"812\" src=\"https:\/\/atelier36-archi.fr\/wp-content\/uploads\/2025\/07\/salle-malades-couche-salle-dattente-1024x812.jpg\" alt=\"\" class=\"wp-image-633 size-full\" style=\"object-position:50% 50%\" srcset=\"https:\/\/atelier36-archi.fr\/wp-content\/uploads\/2025\/07\/salle-malades-couche-salle-dattente-1024x812.jpg 1024w, https:\/\/atelier36-archi.fr\/wp-content\/uploads\/2025\/07\/salle-malades-couche-salle-dattente-300x238.jpg 300w, https:\/\/atelier36-archi.fr\/wp-content\/uploads\/2025\/07\/salle-malades-couche-salle-dattente-768x609.jpg 768w, https:\/\/atelier36-archi.fr\/wp-content\/uploads\/2025\/07\/salle-malades-couche-salle-dattente-1536x1217.jpg 1536w, https:\/\/atelier36-archi.fr\/wp-content\/uploads\/2025\/07\/salle-malades-couche-salle-dattente.jpg 1683w\" sizes=\"auto, (max-width: 706px) 89vw, (max-width: 767px) 82vw, 740px\" \/><\/figure><div class=\"wp-block-media-text__content\">\n<p style=\"font-size:20px\"><a href=\"https:\/\/atelier36-archi.fr\/?page_id=637\" data-type=\"page\" data-id=\"637\">EXTENSION DES URGENCES DU CH DE ROCHEFORT (17)<\/a><\/p>\n\n\n\n<p class=\"has-small-font-size\"><a href=\"https:\/\/atelier36-archi.fr\/?page_id=637\" data-type=\"page\" data-id=\"637\">GHT HOPITAUX LA ROCHELLE-RE-AUNIS<\/a><\/p>\n\n\n\n<p class=\"has-white-color has-black-background-color has-text-color has-background has-small-font-size\"><\/p>\n<\/div><\/div>\n\n\n\n<div class=\"wp-block-media-text alignwide is-stacked-on-mobile is-vertically-aligned-center is-image-fill-element has-white-color has-black-background-color has-text-color has-background has-medium-font-size\"><figure class=\"wp-block-media-text__media\"><img loading=\"lazy\" decoding=\"async\" width=\"1024\" height=\"614\" src=\"http:\/\/atelier36-archi.fr\/wp-content\/uploads\/2025\/02\/cropped-vue-2-1-1024x614.png\" alt=\"\" class=\"wp-image-559 size-full\" style=\"object-position:50% 50%\" srcset=\"https:\/\/atelier36-archi.fr\/wp-content\/uploads\/2025\/02\/cropped-vue-2-1-1024x614.png 1024w, https:\/\/atelier36-archi.fr\/wp-content\/uploads\/2025\/02\/cropped-vue-2-1-300x180.png 300w, https:\/\/atelier36-archi.fr\/wp-content\/uploads\/2025\/02\/cropped-vue-2-1-768x461.png 768w, https:\/\/atelier36-archi.fr\/wp-content\/uploads\/2025\/02\/cropped-vue-2-1-1536x922.png 1536w, https:\/\/atelier36-archi.fr\/wp-content\/uploads\/2025\/02\/cropped-vue-2-1.png 2000w\" sizes=\"auto, (max-width: 706px) 89vw, (max-width: 767px) 82vw, 740px\" \/><\/figure><div class=\"wp-block-media-text__content\">\n<p style=\"font-size:20px\"><a href=\"http:\/\/atelier36-archi.fr\/?page_id=422\" data-type=\"page\" data-id=\"422\">Construction d&#8217;une Halle Ombri\u00e8re<\/a><\/p>\n\n\n\n<p class=\"has-small-font-size\"><a href=\"http:\/\/atelier36-archi.fr\/?page_id=422\" data-type=\"page\" data-id=\"422\">Mairie du Porge (33)<\/a><\/p>\n\n\n\n<p class=\"has-white-color has-black-background-color has-text-color has-background has-small-font-size\"><\/p>\n<\/div><\/div>\n\n\n\n<div class=\"wp-block-media-text alignwide is-stacked-on-mobile is-vertically-aligned-center is-image-fill-element has-white-color has-black-background-color has-text-color has-background has-medium-font-size\"><figure class=\"wp-block-media-text__media\"><img loading=\"lazy\" decoding=\"async\" width=\"1024\" height=\"614\" src=\"http:\/\/atelier36-archi.fr\/wp-content\/uploads\/2025\/02\/cropped-ok-desature-1024x614.png\" alt=\"\" class=\"wp-image-563 size-full\" style=\"object-position:50% 50%\" srcset=\"https:\/\/atelier36-archi.fr\/wp-content\/uploads\/2025\/02\/cropped-ok-desature-1024x614.png 1024w, https:\/\/atelier36-archi.fr\/wp-content\/uploads\/2025\/02\/cropped-ok-desature-300x180.png 300w, https:\/\/atelier36-archi.fr\/wp-content\/uploads\/2025\/02\/cropped-ok-desature-768x460.png 768w, https:\/\/atelier36-archi.fr\/wp-content\/uploads\/2025\/02\/cropped-ok-desature-1536x921.png 1536w, https:\/\/atelier36-archi.fr\/wp-content\/uploads\/2025\/02\/cropped-ok-desature.png 2000w\" sizes=\"auto, (max-width: 706px) 89vw, (max-width: 767px) 82vw, 740px\" \/><\/figure><div class=\"wp-block-media-text__content\">\n<p style=\"font-size:20px\"><a href=\"http:\/\/atelier36-archi.fr\/?page_id=287\" data-type=\"page\" data-id=\"287\">Internat et salles d&#8217;activit\u00e9s \u00e0 St Laurent M\u00e9doc (33)<\/a><\/p>\n\n\n\n<p class=\"has-small-font-size\"><a href=\"http:\/\/atelier36-archi.fr\/?page_id=287\" data-type=\"page\" data-id=\"287\">ADAPEI 33<\/a><\/p>\n\n\n\n<p class=\"has-white-color has-black-background-color has-text-color has-background has-small-font-size\"><\/p>\n<\/div><\/div>\n\n\n\n<div class=\"wp-block-media-text alignwide is-stacked-on-mobile is-vertically-aligned-center is-image-fill-element has-white-color has-black-background-color has-text-color has-background has-medium-font-size\"><figure class=\"wp-block-media-text__media\"><img loading=\"lazy\" decoding=\"async\" width=\"1024\" height=\"1002\" src=\"http:\/\/atelier36-archi.fr\/wp-content\/uploads\/2025\/02\/pers-1024x1002.jpg\" alt=\"\" class=\"wp-image-596 size-full\" style=\"object-position:50% 50%\" srcset=\"https:\/\/atelier36-archi.fr\/wp-content\/uploads\/2025\/02\/pers-1024x1002.jpg 1024w, https:\/\/atelier36-archi.fr\/wp-content\/uploads\/2025\/02\/pers-300x294.jpg 300w, https:\/\/atelier36-archi.fr\/wp-content\/uploads\/2025\/02\/pers-768x751.jpg 768w, https:\/\/atelier36-archi.fr\/wp-content\/uploads\/2025\/02\/pers-1536x1503.jpg 1536w, https:\/\/atelier36-archi.fr\/wp-content\/uploads\/2025\/02\/pers-2048x2004.jpg 2048w\" sizes=\"auto, (max-width: 706px) 89vw, (max-width: 767px) 82vw, 740px\" \/><\/figure><div class=\"wp-block-media-text__content\">\n<p style=\"font-size:20px\"><a href=\"http:\/\/atelier36-archi.fr\/?page_id=599\">Cr\u00e9ation d&#8217;un accueil de jour, EHPAD R\u00e9sidence Aquitaine, M\u00e9rignac(33)<\/a><\/p>\n\n\n\n<p class=\"has-small-font-size\"><a href=\"http:\/\/atelier36-archi.fr\/?page_id=599\">Fondation Eric et Odette Bock\u00e9, M\u00e9rignac (33)<\/a><\/p>\n<\/div><\/div>\n\n\n\n<div class=\"wp-block-media-text alignwide is-stacked-on-mobile is-vertically-aligned-center is-image-fill-element has-white-color has-black-background-color has-text-color has-background has-medium-font-size\"><figure class=\"wp-block-media-text__media\"><img loading=\"lazy\" decoding=\"async\" width=\"2339\" height=\"1653\" src=\"http:\/\/atelier36-archi.fr\/wp-content\/uploads\/2023\/05\/Croquis-canopee-3.jpg\" alt=\"\" class=\"wp-image-272 size-full\" style=\"object-position:50% 50%\" srcset=\"https:\/\/atelier36-archi.fr\/wp-content\/uploads\/2023\/05\/Croquis-canopee-3.jpg 2339w, https:\/\/atelier36-archi.fr\/wp-content\/uploads\/2023\/05\/Croquis-canopee-3-300x212.jpg 300w, https:\/\/atelier36-archi.fr\/wp-content\/uploads\/2023\/05\/Croquis-canopee-3-1024x724.jpg 1024w, https:\/\/atelier36-archi.fr\/wp-content\/uploads\/2023\/05\/Croquis-canopee-3-768x543.jpg 768w, https:\/\/atelier36-archi.fr\/wp-content\/uploads\/2023\/05\/Croquis-canopee-3-1536x1086.jpg 1536w, https:\/\/atelier36-archi.fr\/wp-content\/uploads\/2023\/05\/Croquis-canopee-3-2048x1447.jpg 2048w\" sizes=\"auto, (max-width: 706px) 89vw, (max-width: 767px) 82vw, 740px\" \/><\/figure><div class=\"wp-block-media-text__content\">\n<p style=\"font-size:20px\"><a href=\"http:\/\/atelier36-archi.fr\/?page_id=300\" data-type=\"page\" data-id=\"300\">Offre MARPA de 30 logements s\u00e9nior \u00e0 Moliets et Maa (40)<\/a><\/p>\n\n\n\n<p class=\"has-small-font-size\">XL Habitat<\/p>\n<\/div><\/div>\n<\/div><\/div>\n\n\n\n<div class=\"wp-block-group alignwide\"><div class=\"wp-block-group__inner-container is-layout-constrained wp-block-group-is-layout-constrained\">\n<div class=\"wp-block-media-text alignwide is-stacked-on-mobile is-vertically-aligned-center is-image-fill-element has-white-color has-black-background-color has-text-color has-background has-medium-font-size\"><figure class=\"wp-block-media-text__media\"><img loading=\"lazy\" decoding=\"async\" width=\"2548\" height=\"2160\" src=\"http:\/\/atelier36-archi.fr\/wp-content\/uploads\/2023\/05\/image-coursive-NB-1.jpg\" alt=\"\" class=\"wp-image-271 size-full\" style=\"object-position:50% 50%\" srcset=\"https:\/\/atelier36-archi.fr\/wp-content\/uploads\/2023\/05\/image-coursive-NB-1.jpg 2548w, https:\/\/atelier36-archi.fr\/wp-content\/uploads\/2023\/05\/image-coursive-NB-1-300x254.jpg 300w, https:\/\/atelier36-archi.fr\/wp-content\/uploads\/2023\/05\/image-coursive-NB-1-1024x868.jpg 1024w, https:\/\/atelier36-archi.fr\/wp-content\/uploads\/2023\/05\/image-coursive-NB-1-768x651.jpg 768w, https:\/\/atelier36-archi.fr\/wp-content\/uploads\/2023\/05\/image-coursive-NB-1-1536x1302.jpg 1536w, https:\/\/atelier36-archi.fr\/wp-content\/uploads\/2023\/05\/image-coursive-NB-1-2048x1736.jpg 2048w\" sizes=\"auto, (max-width: 706px) 89vw, (max-width: 767px) 82vw, 740px\" \/><\/figure><div class=\"wp-block-media-text__content\">\n<p style=\"font-size:20px\"><a href=\"http:\/\/atelier36-archi.fr\/?page_id=369\" data-type=\"page\" data-id=\"369\">DIAG et Faisabilit\u00e9 Foyer d&#8217;h\u00e9bergement \u00e0 Blanquefort (33)<\/a><\/p>\n\n\n\n<p class=\"has-small-font-size\"><a href=\"http:\/\/atelier36-archi.fr\/?page_id=369\" data-type=\"page\" data-id=\"369\">ADAPEI 33<\/a><\/p>\n\n\n\n<p><\/p>\n<\/div><\/div>\n<\/div><\/div>\n\n\n\n<div class=\"wp-block-group alignwide\"><div class=\"wp-block-group__inner-container is-layout-constrained wp-block-group-is-layout-constrained\">\n<div class=\"wp-block-media-text alignwide is-stacked-on-mobile is-image-fill-element has-black-background-color has-background\"><figure class=\"wp-block-media-text__media\"><img loading=\"lazy\" decoding=\"async\" width=\"1024\" height=\"679\" src=\"http:\/\/atelier36-archi.fr\/wp-content\/uploads\/2023\/05\/VOLUMETRIE-AVEC-AUVENT-1024x679.jpg\" alt=\"\" class=\"wp-image-247 size-full\" style=\"object-position:50% 50%\" srcset=\"https:\/\/atelier36-archi.fr\/wp-content\/uploads\/2023\/05\/VOLUMETRIE-AVEC-AUVENT-1024x679.jpg 1024w, https:\/\/atelier36-archi.fr\/wp-content\/uploads\/2023\/05\/VOLUMETRIE-AVEC-AUVENT-300x199.jpg 300w, https:\/\/atelier36-archi.fr\/wp-content\/uploads\/2023\/05\/VOLUMETRIE-AVEC-AUVENT-768x509.jpg 768w, https:\/\/atelier36-archi.fr\/wp-content\/uploads\/2023\/05\/VOLUMETRIE-AVEC-AUVENT-1536x1019.jpg 1536w, https:\/\/atelier36-archi.fr\/wp-content\/uploads\/2023\/05\/VOLUMETRIE-AVEC-AUVENT-2048x1358.jpg 2048w\" sizes=\"auto, (max-width: 706px) 89vw, (max-width: 767px) 82vw, 740px\" \/><\/figure><div class=\"wp-block-media-text__content\">\n<p id=\"block-decdfe3a-231e-450d-829b-2f58624eda95\"><a href=\"http:\/\/atelier36-archi.fr\/?page_id=311\">Faisabilit\u00e9 H\u00f4pital de jour adultes Clinique B\u00e9thanie \u00e0 Talence (33<\/a>)<\/p>\n\n\n\n<div class=\"wp-block-group\"><div class=\"wp-block-group__inner-container is-layout-flow wp-block-group-is-layout-flow\">\n<p class=\"has-small-font-size\" id=\"block-6def16fc-9b7a-4e63-8a07-b5f22d856bf4\">Clinique B\u00e9thanie , Talence (33)<\/p>\n<\/div><\/div>\n<\/div><\/div>\n<\/div><\/div>\n","protected":false},"excerpt":{"rendered":"<p>EXTENSION DES URGENCES DU CH DE ROCHEFORT (17) GHT HOPITAUX LA ROCHELLE-RE-AUNIS Construction d&#8217;une Halle Ombri\u00e8re Mairie du Porge (33) Internat et salles d&#8217;activit\u00e9s \u00e0 St Laurent M\u00e9doc (33) ADAPEI 33 Cr\u00e9ation d&#8217;un accueil de jour, EHPAD R\u00e9sidence Aquitaine, M\u00e9rignac(33) Fondation Eric et Odette Bock\u00e9, M\u00e9rignac (33) Offre MARPA de 30 logements s\u00e9nior \u00e0 Moliets &hellip; <\/p>\n<p class=\"link-more\"><a href=\"https:\/\/atelier36-archi.fr\/?page_id=56\" class=\"more-link\">Continue reading<span class=\"screen-reader-text\"> &#8220;Projets&#8221;<\/span><\/a><\/p>\n","protected":false},"author":1,"featured_media":0,"parent":0,"menu_order":0,"comment_status":"closed","ping_status":"closed","template":"","meta":{"footnotes":""},"class_list":["post-56","page","type-page","status-publish","hentry"],"_links":{"self":[{"href":"https:\/\/atelier36-archi.fr\/index.php?rest_route=\/wp\/v2\/pages\/56","targetHints":{"allow":["GET"]}}],"collection":[{"href":"https:\/\/atelier36-archi.fr\/index.php?rest_route=\/wp\/v2\/pages"}],"about":[{"href":"https:\/\/atelier36-archi.fr\/index.php?rest_route=\/wp\/v2\/types\/page"}],"author":[{"embeddable":true,"href":"https:\/\/atelier36-archi.fr\/index.php?rest_route=\/wp\/v2\/users\/1"}],"replies":[{"embeddable":true,"href":"https:\/\/atelier36-archi.fr\/index.php?rest_route=%2Fwp%2Fv2%2Fcomments&post=56"}],"version-history":[{"count":43,"href":"https:\/\/atelier36-archi.fr\/index.php?rest_route=\/wp\/v2\/pages\/56\/revisions"}],"predecessor-version":[{"id":639,"href":"https:\/\/atelier36-archi.fr\/index.php?rest_route=\/wp\/v2\/pages\/56\/revisions\/639"}],"wp:attachment":[{"href":"https:\/\/atelier36-archi.fr\/index.php?rest_route=%2Fwp%2Fv2%2Fmedia&parent=56"}],"curies":[{"name":"wp","href":"https:\/\/api.w.org\/{rel}","templated":true}]}}