{"id":422,"date":"2024-05-14T11:38:25","date_gmt":"2024-05-14T09:38:25","guid":{"rendered":"http:\/\/atelier36-archi.fr\/?page_id=422"},"modified":"2025-11-21T10:36:14","modified_gmt":"2025-11-21T09:36:14","slug":"creation-dune-halle-ombriere-en-bois-au-porge-33","status":"publish","type":"page","link":"https:\/\/atelier36-archi.fr\/?page_id=422","title":{"rendered":"Cr\u00e9ation d&#8217;une Halle Ombri\u00e8re en bois au Porge (33)"},"content":{"rendered":"\n<p style=\"font-size:18px\"><strong>La halle comme booster \u00e9conomique et social pour redynamiser le centre-bourg<\/strong><\/p>\n\n\n\n<figure class=\"wp-block-image size-large\"><img loading=\"lazy\" decoding=\"async\" width=\"1024\" height=\"614\" src=\"http:\/\/atelier36-archi.fr\/wp-content\/uploads\/2025\/02\/cropped-vue-2-1-1024x614.png\" alt=\"\" class=\"wp-image-559\" srcset=\"https:\/\/atelier36-archi.fr\/wp-content\/uploads\/2025\/02\/cropped-vue-2-1-1024x614.png 1024w, https:\/\/atelier36-archi.fr\/wp-content\/uploads\/2025\/02\/cropped-vue-2-1-300x180.png 300w, https:\/\/atelier36-archi.fr\/wp-content\/uploads\/2025\/02\/cropped-vue-2-1-768x461.png 768w, https:\/\/atelier36-archi.fr\/wp-content\/uploads\/2025\/02\/cropped-vue-2-1-1536x922.png 1536w, https:\/\/atelier36-archi.fr\/wp-content\/uploads\/2025\/02\/cropped-vue-2-1.png 2000w\" sizes=\"auto, (max-width: 706px) 89vw, (max-width: 767px) 82vw, 740px\" \/><\/figure>\n\n\n\n<p><strong>Maitre d\u2019Ouvrage :&nbsp;&nbsp; Mairie Le Porge<\/strong><\/p>\n\n\n\n<p><strong>BET associ\u00e9:&nbsp; &nbsp;&nbsp;&nbsp;&nbsp;&nbsp; ELIOTH<\/strong><\/p>\n\n\n\n<p><strong>Surface : &nbsp; &nbsp;&nbsp;&nbsp;&nbsp;&nbsp;&nbsp;350 m\u00b2 SDO<\/strong><\/p>\n\n\n\n<p><strong>Co\u00fbt : &nbsp; &nbsp;&nbsp;&nbsp;&nbsp;&nbsp;&nbsp;0,3 M \u20ac <\/strong><strong>ht<\/strong><\/p>\n\n\n\n<p><strong>Type de march\u00e9&nbsp; &nbsp;&nbsp;&nbsp;&nbsp;&nbsp; MAPA<\/strong><\/p>\n\n\n\n<p><strong>Mission:&nbsp; &nbsp;&nbsp;&nbsp;&nbsp;&nbsp; Mission de base<\/strong><\/p>\n\n\n\n<p><strong>Phase :&nbsp; &nbsp;&nbsp;&nbsp;&nbsp;&nbsp;PRO<\/strong><\/p>\n\n\n\n<p><strong>Livraison pr\u00e9vue :&nbsp;&nbsp;&nbsp; Octobre&nbsp; 2025<\/strong><\/p>\n\n\n\n<div class=\"wp-block-columns alignfull is-not-stacked-on-mobile is-layout-flex wp-container-core-columns-is-layout-9d6595d7 wp-block-columns-is-layout-flex\">\n<div class=\"wp-block-column is-layout-flow wp-block-column-is-layout-flow\">\n<div class=\"wp-block-cover\"><img loading=\"lazy\" decoding=\"async\" width=\"2560\" height=\"1698\" class=\"wp-block-cover__image-background wp-image-429\" alt=\"\" src=\"http:\/\/atelier36-archi.fr\/wp-content\/uploads\/2024\/05\/ESQ-3-2-scaled.jpg\" data-object-fit=\"cover\" srcset=\"https:\/\/atelier36-archi.fr\/wp-content\/uploads\/2024\/05\/ESQ-3-2-scaled.jpg 2560w, https:\/\/atelier36-archi.fr\/wp-content\/uploads\/2024\/05\/ESQ-3-2-300x199.jpg 300w, https:\/\/atelier36-archi.fr\/wp-content\/uploads\/2024\/05\/ESQ-3-2-1024x679.jpg 1024w, https:\/\/atelier36-archi.fr\/wp-content\/uploads\/2024\/05\/ESQ-3-2-768x509.jpg 768w, https:\/\/atelier36-archi.fr\/wp-content\/uploads\/2024\/05\/ESQ-3-2-1536x1019.jpg 1536w, https:\/\/atelier36-archi.fr\/wp-content\/uploads\/2024\/05\/ESQ-3-2-2048x1358.jpg 2048w\" sizes=\"auto, (max-width: 706px) 89vw, (max-width: 767px) 82vw, 740px\" \/><span aria-hidden=\"true\" class=\"wp-block-cover__background has-background-dim\"><\/span><div class=\"wp-block-cover__inner-container is-layout-flow wp-block-cover-is-layout-flow\">\n<p class=\"has-small-font-size\">Pour r\u00e9pondre au projet de la place St Seurin o\u00f9 la municipalit\u00e9 se donne les moyens d\u2019entreprendre une intention d\u2019envergure nous proposons un concept audacieux :<\/p>\n\n\n\n<p class=\"has-text-align-center has-small-font-size\"><strong>\u00ab&nbsp;DESSUS \/ DESSOUS&nbsp;\u00bb<\/strong><\/p>\n\n\n\n<p class=\"has-small-font-size\">La toiture devient une place&nbsp;: le sol de la place se soul\u00e8ve, en pente douce, en cr\u00e9ant une zone couverte pour la halle en toiture l\u00e9g\u00e8re mais accessible&nbsp;;<\/p>\n\n\n\n<p class=\"has-small-font-size\">Dessus &#8211; Possibilit\u00e9 de gradins sur la pente pour cin\u00e9ma en plein air ou spectacle cot\u00e9 Tiers lieu;<\/p>\n\n\n\n<p class=\"has-small-font-size\">Dessous &#8211; Esplanade couverte pour march\u00e9 ou activit\u00e9s et usages r\u00e9cr\u00e9atifs;<\/p>\n\n\n\n<p class=\"has-small-font-size\">Structure \u00e0 grandes port\u00e9es permettant de lib\u00e9rer le sol et d\u2019envisager de multiples utilisations.<\/p>\n\n\n\n<p class=\"has-small-font-size\">Nos objectifs sont de doubler l\u2019espace public en profitant de la toiture de la halle, de pr\u00e9server et d\u00e9velopper des espaces pi\u00e9tons et paysagers qualitatifs, de concevoir un projet permettant de garder le lien social autour de fonctions partag\u00e9es dans un espace qui rassemble.<\/p>\n<\/div><\/div>\n\n\n\n<p><\/p>\n\n\n\n<figure class=\"wp-block-image size-full is-resized\"><a href=\"http:\/\/atelier36-archi.fr\/wp-content\/uploads\/2025\/02\/PERS-vue-1-RECADREE-1-scaled.jpg\"><img loading=\"lazy\" decoding=\"async\" width=\"2560\" height=\"1600\" src=\"http:\/\/atelier36-archi.fr\/wp-content\/uploads\/2025\/02\/PERS-vue-1-RECADREE-1-scaled.jpg\" alt=\"\" class=\"wp-image-545\" style=\"width:1000px\" srcset=\"https:\/\/atelier36-archi.fr\/wp-content\/uploads\/2025\/02\/PERS-vue-1-RECADREE-1-scaled.jpg 2560w, https:\/\/atelier36-archi.fr\/wp-content\/uploads\/2025\/02\/PERS-vue-1-RECADREE-1-300x188.jpg 300w, https:\/\/atelier36-archi.fr\/wp-content\/uploads\/2025\/02\/PERS-vue-1-RECADREE-1-1024x640.jpg 1024w, https:\/\/atelier36-archi.fr\/wp-content\/uploads\/2025\/02\/PERS-vue-1-RECADREE-1-768x480.jpg 768w, https:\/\/atelier36-archi.fr\/wp-content\/uploads\/2025\/02\/PERS-vue-1-RECADREE-1-1536x960.jpg 1536w, https:\/\/atelier36-archi.fr\/wp-content\/uploads\/2025\/02\/PERS-vue-1-RECADREE-1-2048x1280.jpg 2048w\" sizes=\"auto, (max-width: 706px) 89vw, (max-width: 767px) 82vw, 740px\" \/><\/a><\/figure>\n\n\n\n<figure class=\"wp-block-image size-full is-resized\"><a href=\"http:\/\/atelier36-archi.fr\/wp-content\/uploads\/2025\/02\/PERS-vue-2-3-1-scaled.jpg\"><img loading=\"lazy\" decoding=\"async\" width=\"2560\" height=\"1920\" src=\"http:\/\/atelier36-archi.fr\/wp-content\/uploads\/2025\/02\/PERS-vue-2-3-1-scaled.jpg\" alt=\"\" class=\"wp-image-544\" style=\"width:1000px\" srcset=\"https:\/\/atelier36-archi.fr\/wp-content\/uploads\/2025\/02\/PERS-vue-2-3-1-scaled.jpg 2560w, https:\/\/atelier36-archi.fr\/wp-content\/uploads\/2025\/02\/PERS-vue-2-3-1-300x225.jpg 300w, https:\/\/atelier36-archi.fr\/wp-content\/uploads\/2025\/02\/PERS-vue-2-3-1-1024x768.jpg 1024w, https:\/\/atelier36-archi.fr\/wp-content\/uploads\/2025\/02\/PERS-vue-2-3-1-768x576.jpg 768w, https:\/\/atelier36-archi.fr\/wp-content\/uploads\/2025\/02\/PERS-vue-2-3-1-1536x1152.jpg 1536w, https:\/\/atelier36-archi.fr\/wp-content\/uploads\/2025\/02\/PERS-vue-2-3-1-2048x1536.jpg 2048w\" sizes=\"auto, (max-width: 706px) 89vw, (max-width: 767px) 82vw, 740px\" \/><\/a><\/figure>\n\n\n\n<figure class=\"wp-block-image size-full is-resized\"><a href=\"http:\/\/atelier36-archi.fr\/wp-content\/uploads\/2024\/05\/ESQ-3-2-scaled.jpg\"><img loading=\"lazy\" decoding=\"async\" width=\"2560\" height=\"1698\" src=\"http:\/\/atelier36-archi.fr\/wp-content\/uploads\/2024\/05\/ESQ-3-2-scaled.jpg\" alt=\"\" class=\"wp-image-429\" style=\"width:1000px\" srcset=\"https:\/\/atelier36-archi.fr\/wp-content\/uploads\/2024\/05\/ESQ-3-2-scaled.jpg 2560w, https:\/\/atelier36-archi.fr\/wp-content\/uploads\/2024\/05\/ESQ-3-2-300x199.jpg 300w, https:\/\/atelier36-archi.fr\/wp-content\/uploads\/2024\/05\/ESQ-3-2-1024x679.jpg 1024w, https:\/\/atelier36-archi.fr\/wp-content\/uploads\/2024\/05\/ESQ-3-2-768x509.jpg 768w, https:\/\/atelier36-archi.fr\/wp-content\/uploads\/2024\/05\/ESQ-3-2-1536x1019.jpg 1536w, https:\/\/atelier36-archi.fr\/wp-content\/uploads\/2024\/05\/ESQ-3-2-2048x1358.jpg 2048w\" sizes=\"auto, (max-width: 706px) 89vw, (max-width: 767px) 82vw, 740px\" \/><\/a><\/figure>\n\n\n\n<p>Actualit\u00e9s du projet<\/p>\n\n\n\n<figure class=\"wp-block-gallery has-nested-images columns-default is-cropped wp-block-gallery-1 is-layout-flex wp-block-gallery-is-layout-flex\">\n<figure class=\"wp-block-image size-large\"><img loading=\"lazy\" decoding=\"async\" width=\"768\" height=\"1024\" data-id=\"666\" src=\"https:\/\/atelier36-archi.fr\/wp-content\/uploads\/2025\/11\/IMG_5693-2-768x1024.jpeg\" alt=\"\" class=\"wp-image-666\" srcset=\"https:\/\/atelier36-archi.fr\/wp-content\/uploads\/2025\/11\/IMG_5693-2-768x1024.jpeg 768w, https:\/\/atelier36-archi.fr\/wp-content\/uploads\/2025\/11\/IMG_5693-2-225x300.jpeg 225w, https:\/\/atelier36-archi.fr\/wp-content\/uploads\/2025\/11\/IMG_5693-2-1152x1536.jpeg 1152w, https:\/\/atelier36-archi.fr\/wp-content\/uploads\/2025\/11\/IMG_5693-2-1536x2048.jpeg 1536w, https:\/\/atelier36-archi.fr\/wp-content\/uploads\/2025\/11\/IMG_5693-2-scaled.jpeg 1920w\" sizes=\"auto, (max-width: 706px) 89vw, (max-width: 767px) 82vw, 740px\" \/><\/figure>\n\n\n\n<figure class=\"wp-block-image size-large\"><img loading=\"lazy\" decoding=\"async\" width=\"768\" height=\"1024\" data-id=\"665\" src=\"https:\/\/atelier36-archi.fr\/wp-content\/uploads\/2025\/11\/IMG_0993-1-768x1024.jpg\" alt=\"\" class=\"wp-image-665\" srcset=\"https:\/\/atelier36-archi.fr\/wp-content\/uploads\/2025\/11\/IMG_0993-1-768x1024.jpg 768w, https:\/\/atelier36-archi.fr\/wp-content\/uploads\/2025\/11\/IMG_0993-1-225x300.jpg 225w, https:\/\/atelier36-archi.fr\/wp-content\/uploads\/2025\/11\/IMG_0993-1-1152x1536.jpg 1152w, https:\/\/atelier36-archi.fr\/wp-content\/uploads\/2025\/11\/IMG_0993-1-1536x2048.jpg 1536w, https:\/\/atelier36-archi.fr\/wp-content\/uploads\/2025\/11\/IMG_0993-1-scaled.jpg 1920w\" sizes=\"auto, (max-width: 706px) 89vw, (max-width: 767px) 82vw, 740px\" \/><\/figure>\n\n\n\n<figure class=\"wp-block-image size-large\"><img loading=\"lazy\" decoding=\"async\" width=\"768\" height=\"1024\" data-id=\"664\" src=\"https:\/\/atelier36-archi.fr\/wp-content\/uploads\/2025\/11\/IMG_0992-1-768x1024.jpg\" alt=\"\" class=\"wp-image-664\" srcset=\"https:\/\/atelier36-archi.fr\/wp-content\/uploads\/2025\/11\/IMG_0992-1-768x1024.jpg 768w, https:\/\/atelier36-archi.fr\/wp-content\/uploads\/2025\/11\/IMG_0992-1-225x300.jpg 225w, https:\/\/atelier36-archi.fr\/wp-content\/uploads\/2025\/11\/IMG_0992-1-1152x1536.jpg 1152w, https:\/\/atelier36-archi.fr\/wp-content\/uploads\/2025\/11\/IMG_0992-1-1536x2048.jpg 1536w, https:\/\/atelier36-archi.fr\/wp-content\/uploads\/2025\/11\/IMG_0992-1-scaled.jpg 1920w\" sizes=\"auto, (max-width: 706px) 89vw, (max-width: 767px) 82vw, 740px\" \/><\/figure>\n<\/figure>\n<\/div>\n<\/div>\n\n\n","protected":false},"excerpt":{"rendered":"<p>La halle comme booster \u00e9conomique et social pour redynamiser le centre-bourg Maitre d\u2019Ouvrage :&nbsp;&nbsp; Mairie Le Porge BET associ\u00e9:&nbsp; &nbsp;&nbsp;&nbsp;&nbsp;&nbsp; ELIOTH Surface : &nbsp; &nbsp;&nbsp;&nbsp;&nbsp;&nbsp;&nbsp;350 m\u00b2 SDO Co\u00fbt : &nbsp; &nbsp;&nbsp;&nbsp;&nbsp;&nbsp;&nbsp;0,3 M \u20ac ht Type de march\u00e9&nbsp; &nbsp;&nbsp;&nbsp;&nbsp;&nbsp; MAPA Mission:&nbsp; &nbsp;&nbsp;&nbsp;&nbsp;&nbsp; Mission de base Phase :&nbsp; &nbsp;&nbsp;&nbsp;&nbsp;&nbsp;PRO Livraison pr\u00e9vue :&nbsp;&nbsp;&nbsp; Octobre&nbsp; 2025 Actualit\u00e9s du projet<\/p>\n","protected":false},"author":1,"featured_media":0,"parent":56,"menu_order":1,"comment_status":"closed","ping_status":"closed","template":"","meta":{"footnotes":""},"class_list":["post-422","page","type-page","status-publish","hentry"],"_links":{"self":[{"href":"https:\/\/atelier36-archi.fr\/index.php?rest_route=\/wp\/v2\/pages\/422","targetHints":{"allow":["GET"]}}],"collection":[{"href":"https:\/\/atelier36-archi.fr\/index.php?rest_route=\/wp\/v2\/pages"}],"about":[{"href":"https:\/\/atelier36-archi.fr\/index.php?rest_route=\/wp\/v2\/types\/page"}],"author":[{"embeddable":true,"href":"https:\/\/atelier36-archi.fr\/index.php?rest_route=\/wp\/v2\/users\/1"}],"replies":[{"embeddable":true,"href":"https:\/\/atelier36-archi.fr\/index.php?rest_route=%2Fwp%2Fv2%2Fcomments&post=422"}],"version-history":[{"count":51,"href":"https:\/\/atelier36-archi.fr\/index.php?rest_route=\/wp\/v2\/pages\/422\/revisions"}],"predecessor-version":[{"id":675,"href":"https:\/\/atelier36-archi.fr\/index.php?rest_route=\/wp\/v2\/pages\/422\/revisions\/675"}],"up":[{"embeddable":true,"href":"https:\/\/atelier36-archi.fr\/index.php?rest_route=\/wp\/v2\/pages\/56"}],"wp:attachment":[{"href":"https:\/\/atelier36-archi.fr\/index.php?rest_route=%2Fwp%2Fv2%2Fmedia&parent=422"}],"curies":[{"name":"wp","href":"https:\/\/api.w.org\/{rel}","templated":true}]}}