{"id":369,"date":"2023-10-12T11:47:42","date_gmt":"2023-10-12T09:47:42","guid":{"rendered":"http:\/\/atelier36-archi.fr\/?page_id=369"},"modified":"2025-02-18T12:18:54","modified_gmt":"2025-02-18T11:18:54","slug":"faisabilite-adapei-foyer-dhebergement-a-blanquefort-33-2","status":"publish","type":"page","link":"https:\/\/atelier36-archi.fr\/?page_id=369","title":{"rendered":"DIAG\/Faisabilit\u00e9 ADAPEI Foyer d\u2019h\u00e9bergement \u00e0 Blanquefort (33)"},"content":{"rendered":"\n<p><strong>Innover et faire \u00e9voluer le b\u00e2timent m\u00e9dico-social vers une r\u00e9sidence pour travailleurs handicap\u00e9s autonomes<\/strong><\/p>\n\n\n\n<div class=\"wp-block-columns is-layout-flex wp-container-core-columns-is-layout-9d6595d7 wp-block-columns-is-layout-flex\">\n<div class=\"wp-block-column is-vertically-aligned-top is-layout-flow wp-block-column-is-layout-flow\">\n<div class=\"wp-block-cover is-light has-small-font-size\" style=\"min-height:600px;aspect-ratio:unset;\"><span aria-hidden=\"true\" class=\"wp-block-cover__background has-background-dim-100 has-background-dim\" style=\"background-color:#f6f6f6\"><\/span><div class=\"wp-block-cover__inner-container is-layout-constrained wp-block-cover-is-layout-constrained\">\n<figure class=\"wp-block-image size-large\"><img loading=\"lazy\" decoding=\"async\" width=\"1024\" height=\"868\" src=\"http:\/\/atelier36-archi.fr\/wp-content\/uploads\/2023\/10\/image-coursive-NB-4-1024x868.jpg\" alt=\"\" class=\"wp-image-398\" srcset=\"https:\/\/atelier36-archi.fr\/wp-content\/uploads\/2023\/10\/image-coursive-NB-4-1024x868.jpg 1024w, https:\/\/atelier36-archi.fr\/wp-content\/uploads\/2023\/10\/image-coursive-NB-4-300x254.jpg 300w, https:\/\/atelier36-archi.fr\/wp-content\/uploads\/2023\/10\/image-coursive-NB-4-768x651.jpg 768w, https:\/\/atelier36-archi.fr\/wp-content\/uploads\/2023\/10\/image-coursive-NB-4-1536x1302.jpg 1536w, https:\/\/atelier36-archi.fr\/wp-content\/uploads\/2023\/10\/image-coursive-NB-4-2048x1736.jpg 2048w\" sizes=\"auto, (max-width: 706px) 89vw, (max-width: 767px) 82vw, 740px\" \/><\/figure>\n\n\n\n<figure class=\"wp-block-image size-large\"><img loading=\"lazy\" decoding=\"async\" width=\"1024\" height=\"676\" src=\"http:\/\/atelier36-archi.fr\/wp-content\/uploads\/2023\/10\/PROJET-V4_Page_2-4-1024x676.jpg\" alt=\"\" class=\"wp-image-399\" srcset=\"https:\/\/atelier36-archi.fr\/wp-content\/uploads\/2023\/10\/PROJET-V4_Page_2-4-1024x676.jpg 1024w, https:\/\/atelier36-archi.fr\/wp-content\/uploads\/2023\/10\/PROJET-V4_Page_2-4-300x198.jpg 300w, https:\/\/atelier36-archi.fr\/wp-content\/uploads\/2023\/10\/PROJET-V4_Page_2-4-768x507.jpg 768w, https:\/\/atelier36-archi.fr\/wp-content\/uploads\/2023\/10\/PROJET-V4_Page_2-4-1536x1014.jpg 1536w, https:\/\/atelier36-archi.fr\/wp-content\/uploads\/2023\/10\/PROJET-V4_Page_2-4-2048x1352.jpg 2048w\" sizes=\"auto, (max-width: 706px) 89vw, (max-width: 767px) 82vw, 740px\" \/><\/figure>\n\n\n\n<figure class=\"wp-block-image size-large\"><img loading=\"lazy\" decoding=\"async\" width=\"1024\" height=\"679\" src=\"http:\/\/atelier36-archi.fr\/wp-content\/uploads\/2023\/10\/PROJET-V4_Page_1-4-1024x679.jpg\" alt=\"\" class=\"wp-image-403\" srcset=\"https:\/\/atelier36-archi.fr\/wp-content\/uploads\/2023\/10\/PROJET-V4_Page_1-4-1024x679.jpg 1024w, https:\/\/atelier36-archi.fr\/wp-content\/uploads\/2023\/10\/PROJET-V4_Page_1-4-300x199.jpg 300w, https:\/\/atelier36-archi.fr\/wp-content\/uploads\/2023\/10\/PROJET-V4_Page_1-4-768x509.jpg 768w, https:\/\/atelier36-archi.fr\/wp-content\/uploads\/2023\/10\/PROJET-V4_Page_1-4-1536x1019.jpg 1536w, https:\/\/atelier36-archi.fr\/wp-content\/uploads\/2023\/10\/PROJET-V4_Page_1-4-2048x1359.jpg 2048w\" sizes=\"auto, (max-width: 706px) 89vw, (max-width: 767px) 82vw, 740px\" \/><\/figure>\n\n\n\n<figure class=\"wp-block-image size-large\"><img loading=\"lazy\" decoding=\"async\" width=\"1024\" height=\"724\" src=\"http:\/\/atelier36-archi.fr\/wp-content\/uploads\/2023\/10\/CONSTRUCTION-MAX-3-1024x724.jpg\" alt=\"\" class=\"wp-image-401\" srcset=\"https:\/\/atelier36-archi.fr\/wp-content\/uploads\/2023\/10\/CONSTRUCTION-MAX-3-1024x724.jpg 1024w, https:\/\/atelier36-archi.fr\/wp-content\/uploads\/2023\/10\/CONSTRUCTION-MAX-3-300x212.jpg 300w, https:\/\/atelier36-archi.fr\/wp-content\/uploads\/2023\/10\/CONSTRUCTION-MAX-3-768x543.jpg 768w, https:\/\/atelier36-archi.fr\/wp-content\/uploads\/2023\/10\/CONSTRUCTION-MAX-3-1536x1086.jpg 1536w, https:\/\/atelier36-archi.fr\/wp-content\/uploads\/2023\/10\/CONSTRUCTION-MAX-3-2048x1448.jpg 2048w\" sizes=\"auto, (max-width: 706px) 89vw, (max-width: 767px) 82vw, 740px\" \/><\/figure>\n<\/div><\/div>\n<\/div>\n\n\n\n<div class=\"wp-block-column is-layout-flow wp-block-column-is-layout-flow\">\n<p><\/p>\n\n\n\n<p class=\"has-small-font-size\" style=\"line-height:1.6\">Trois sc\u00e9narios sont \u00e9tudi\u00e9s pour la restructuration du Foyer d\u2019h\u00e9bergement. Objectif : accueillir moins de r\u00e9sidents mais dans de meilleures conditions : appartements ind\u00e9pendants, cr\u00e9er un Accueil de jour.<\/p>\n\n\n\n<p class=\"has-small-font-size\" style=\"line-height:1.6\">La solution retenue \u2013 d\u00e9molition de l\u2019existant pour la construction d\u2019un nouveau b\u00e2timent. Ainsi, le projet peut s\u2019approprier enti\u00e8rement le site, choisir la meilleure orientation, d\u00e9gager des vues, cr\u00e9er un v\u00e9ritable parvis pour l\u2019accueil de jour et l\u2019h\u00e9bergement.<\/p>\n\n\n\n<p class=\"has-small-font-size\" style=\"line-height:1.6\">Le nouveau projet est plus compact, son emprise au sol est r\u00e9duite, le parking est partiellement int\u00e9gr\u00e9, au profit d\u2019espaces ext\u00e9rieurs de qualit\u00e9 : Cr\u00e9ation d\u2019une \u00abmini-for\u00eat\u00bb cot\u00e9 Est, et Densification et mise en valeur de l\u2019espace bois\u00e9 class\u00e9 \u00e0 l\u2019ouest.<\/p>\n\n\n\n<p class=\"has-small-font-size\" style=\"line-height:1.6\">Accueil de jour pour 12 personnes au RDC; appartements \u00e0 l\u2019\u00e9tage, distribu\u00e9s par des coursives ext\u00e9rieures.&nbsp;<\/p>\n\n\n\n<p class=\"has-small-font-size\" style=\"line-height:1.6\">Principes \u00e9tudi\u00e9es : compacit\u00e9 et performance, structure mixte (b\u00e9ton\/bois), toiture terrasse v\u00e9g\u00e9talis\u00e9e lourde, mat\u00e9riaux biosourc\u00e9s, climatisation passive.<\/p>\n<\/div>\n<\/div>\n","protected":false},"excerpt":{"rendered":"<p>Innover et faire \u00e9voluer le b\u00e2timent m\u00e9dico-social vers une r\u00e9sidence pour travailleurs handicap\u00e9s autonomes Trois sc\u00e9narios sont \u00e9tudi\u00e9s pour la restructuration du Foyer d\u2019h\u00e9bergement. Objectif : accueillir moins de r\u00e9sidents mais dans de meilleures conditions : appartements ind\u00e9pendants, cr\u00e9er un Accueil de jour. La solution retenue \u2013 d\u00e9molition de l\u2019existant pour la construction d\u2019un nouveau &hellip; <\/p>\n<p class=\"link-more\"><a href=\"https:\/\/atelier36-archi.fr\/?page_id=369\" class=\"more-link\">Continue reading<span class=\"screen-reader-text\"> &#8220;DIAG\/Faisabilit\u00e9 ADAPEI Foyer d\u2019h\u00e9bergement \u00e0 Blanquefort (33)&#8221;<\/span><\/a><\/p>\n","protected":false},"author":1,"featured_media":0,"parent":56,"menu_order":4,"comment_status":"closed","ping_status":"closed","template":"","meta":{"footnotes":""},"class_list":["post-369","page","type-page","status-publish","hentry"],"_links":{"self":[{"href":"https:\/\/atelier36-archi.fr\/index.php?rest_route=\/wp\/v2\/pages\/369","targetHints":{"allow":["GET"]}}],"collection":[{"href":"https:\/\/atelier36-archi.fr\/index.php?rest_route=\/wp\/v2\/pages"}],"about":[{"href":"https:\/\/atelier36-archi.fr\/index.php?rest_route=\/wp\/v2\/types\/page"}],"author":[{"embeddable":true,"href":"https:\/\/atelier36-archi.fr\/index.php?rest_route=\/wp\/v2\/users\/1"}],"replies":[{"embeddable":true,"href":"https:\/\/atelier36-archi.fr\/index.php?rest_route=%2Fwp%2Fv2%2Fcomments&post=369"}],"version-history":[{"count":13,"href":"https:\/\/atelier36-archi.fr\/index.php?rest_route=\/wp\/v2\/pages\/369\/revisions"}],"predecessor-version":[{"id":609,"href":"https:\/\/atelier36-archi.fr\/index.php?rest_route=\/wp\/v2\/pages\/369\/revisions\/609"}],"up":[{"embeddable":true,"href":"https:\/\/atelier36-archi.fr\/index.php?rest_route=\/wp\/v2\/pages\/56"}],"wp:attachment":[{"href":"https:\/\/atelier36-archi.fr\/index.php?rest_route=%2Fwp%2Fv2%2Fmedia&parent=369"}],"curies":[{"name":"wp","href":"https:\/\/api.w.org\/{rel}","templated":true}]}}