{"id":311,"date":"2023-05-11T12:08:05","date_gmt":"2023-05-11T10:08:05","guid":{"rendered":"http:\/\/atelier36-archi.fr\/?page_id=311"},"modified":"2025-02-17T15:08:05","modified_gmt":"2025-02-17T14:08:05","slug":"faisabilite-hdj-adultes-clinique-bethanie-a-talence-33","status":"publish","type":"page","link":"https:\/\/atelier36-archi.fr\/?page_id=311","title":{"rendered":"Faisabilit\u00e9 HDJ adultes Clinique B\u00e9thanie \u00e0 Talence (33)"},"content":{"rendered":"\n<div class=\"wp-block-columns alignfull is-layout-flex wp-container-core-columns-is-layout-9d6595d7 wp-block-columns-is-layout-flex\">\n<div class=\"wp-block-column is-layout-flow wp-block-column-is-layout-flow\" style=\"flex-basis:50%\">\n<div class=\"wp-block-cover is-light\" style=\"min-height:600px;aspect-ratio:unset;\"><span aria-hidden=\"true\" class=\"wp-block-cover__background has-background-dim-100 has-background-dim\" style=\"background-color:#f6f6f6\"><\/span><div class=\"wp-block-cover__inner-container is-layout-flow wp-block-cover-is-layout-flow\"><div class=\"wp-block-image\">\n<figure class=\"aligncenter size-large\"><img loading=\"lazy\" decoding=\"async\" width=\"1024\" height=\"679\" src=\"http:\/\/atelier36-archi.fr\/wp-content\/uploads\/2023\/05\/VOLUMETRIE-AVEC-AUVENT-1024x679.jpg\" alt=\"\" class=\"wp-image-247\" srcset=\"https:\/\/atelier36-archi.fr\/wp-content\/uploads\/2023\/05\/VOLUMETRIE-AVEC-AUVENT-1024x679.jpg 1024w, https:\/\/atelier36-archi.fr\/wp-content\/uploads\/2023\/05\/VOLUMETRIE-AVEC-AUVENT-300x199.jpg 300w, https:\/\/atelier36-archi.fr\/wp-content\/uploads\/2023\/05\/VOLUMETRIE-AVEC-AUVENT-768x509.jpg 768w, https:\/\/atelier36-archi.fr\/wp-content\/uploads\/2023\/05\/VOLUMETRIE-AVEC-AUVENT-1536x1019.jpg 1536w, https:\/\/atelier36-archi.fr\/wp-content\/uploads\/2023\/05\/VOLUMETRIE-AVEC-AUVENT-2048x1358.jpg 2048w\" sizes=\"auto, (max-width: 706px) 89vw, (max-width: 767px) 82vw, 740px\" \/><\/figure>\n<\/div>\n\n\n<figure class=\"wp-block-image size-large\"><img loading=\"lazy\" decoding=\"async\" width=\"1024\" height=\"613\" src=\"http:\/\/atelier36-archi.fr\/wp-content\/uploads\/2023\/05\/cropped-15069-Clinique-Bethanie_EXTENSION-HDJ-2-scaled-2-1024x613.jpg\" alt=\"\" class=\"wp-image-246\" srcset=\"https:\/\/atelier36-archi.fr\/wp-content\/uploads\/2023\/05\/cropped-15069-Clinique-Bethanie_EXTENSION-HDJ-2-scaled-2-1024x613.jpg 1024w, https:\/\/atelier36-archi.fr\/wp-content\/uploads\/2023\/05\/cropped-15069-Clinique-Bethanie_EXTENSION-HDJ-2-scaled-2-300x180.jpg 300w, https:\/\/atelier36-archi.fr\/wp-content\/uploads\/2023\/05\/cropped-15069-Clinique-Bethanie_EXTENSION-HDJ-2-scaled-2-768x460.jpg 768w, https:\/\/atelier36-archi.fr\/wp-content\/uploads\/2023\/05\/cropped-15069-Clinique-Bethanie_EXTENSION-HDJ-2-scaled-2-1536x920.jpg 1536w, https:\/\/atelier36-archi.fr\/wp-content\/uploads\/2023\/05\/cropped-15069-Clinique-Bethanie_EXTENSION-HDJ-2-scaled-2.jpg 2000w\" sizes=\"auto, (max-width: 706px) 89vw, (max-width: 767px) 82vw, 740px\" \/><\/figure>\n\n\n\n<figure class=\"wp-block-image size-full wp-duotone-unset-1\"><img loading=\"lazy\" decoding=\"async\" width=\"627\" height=\"845\" src=\"http:\/\/atelier36-archi.fr\/wp-content\/uploads\/2023\/05\/Image2.jpg\" alt=\"\" class=\"wp-image-317\" srcset=\"https:\/\/atelier36-archi.fr\/wp-content\/uploads\/2023\/05\/Image2.jpg 627w, https:\/\/atelier36-archi.fr\/wp-content\/uploads\/2023\/05\/Image2-223x300.jpg 223w\" sizes=\"auto, (max-width: 627px) 100vw, 627px\" \/><\/figure>\n<\/div><\/div>\n<\/div>\n\n\n\n<div class=\"wp-block-column is-vertically-aligned-top has-small-font-size is-layout-flow wp-block-column-is-layout-flow\" style=\"padding-top:1em;padding-right:1em;padding-bottom:1em;padding-left:1em\">\n<div class=\"wp-block-columns is-layout-flex wp-container-core-columns-is-layout-9d6595d7 wp-block-columns-is-layout-flex\">\n<div class=\"wp-block-column is-layout-flow wp-block-column-is-layout-flow\" style=\"flex-basis:320px\">\n<p class=\"has-white-color has-text-color has-small-font-size\">Suite \u00e0 la pand\u00e9mie de la Covid, la clinique psychiatrique B\u00e9thanie, r\u00e9cemment reconstruite,&nbsp; voit son activit\u00e9 de l\u2019accueil de jour des jeunes adultes (18-24 ans) augmenter de fa\u00e7on significative.<\/p>\n\n\n\n<p class=\"has-white-color has-text-color has-small-font-size\">Pour y faire face, la Clinique \u00e9tudie la possibilit\u00e9 de d\u00e9placer l\u2019H\u00f4pital de jour adultes dans un nouveau b\u00e2timent \u00e0 l\u2019angle Sud-Ouest du site, pour lib\u00e9rer de la place au rez-de-chauss\u00e9e du b\u00e2timent principal, et ainsi accueillir dans de meilleures condition la fili\u00e8re jeunes adultes.<\/p>\n\n\n\n<p class=\"has-white-color has-text-color has-small-font-size\">Con\u00e7u comme un pavillon au milieu d\u2019un parc, le volume du nouveau b\u00e2timent est \u00e0 simple RDC, un parall\u00e9l\u00e9pip\u00e8de \u00e9pur\u00e9, dont les angles s\u2019\u00e9vident pour cr\u00e9er des espaces de transitions, entr\u00e9e et terrasse. Le bardage teinte bronze employ\u00e9 sur les \u00e9tages de la Clinique vient habiller la fa\u00e7ade. Des \u00e9pines en bois rythment les fa\u00e7ades.<\/p>\n\n\n\n<p class=\"has-white-color has-text-color has-small-font-size\">Principes \u00e9tudi\u00e9es : structure mixte (b\u00e9ton\/bois), toiture terrasse v\u00e9g\u00e9talis\u00e9e lourde, mat\u00e9riaux biosourc\u00e9s, syst\u00e8mes bois&nbsp; pr\u00e9fabriqu\u00e9s, modularit\u00e9.<\/p>\n<\/div>\n<\/div>\n<\/div>\n<\/div>\n\n\n","protected":false},"excerpt":{"rendered":"<p>Suite \u00e0 la pand\u00e9mie de la Covid, la clinique psychiatrique B\u00e9thanie, r\u00e9cemment reconstruite,&nbsp; voit son activit\u00e9 de l\u2019accueil de jour des jeunes adultes (18-24 ans) augmenter de fa\u00e7on significative. Pour y faire face, la Clinique \u00e9tudie la possibilit\u00e9 de d\u00e9placer l\u2019H\u00f4pital de jour adultes dans un nouveau b\u00e2timent \u00e0 l\u2019angle Sud-Ouest du site, pour lib\u00e9rer &hellip; <\/p>\n<p class=\"link-more\"><a href=\"https:\/\/atelier36-archi.fr\/?page_id=311\" class=\"more-link\">Continue reading<span class=\"screen-reader-text\"> &#8220;Faisabilit\u00e9 HDJ adultes Clinique B\u00e9thanie \u00e0 Talence (33)&#8221;<\/span><\/a><\/p>\n","protected":false},"author":1,"featured_media":0,"parent":56,"menu_order":6,"comment_status":"closed","ping_status":"closed","template":"","meta":{"footnotes":""},"class_list":["post-311","page","type-page","status-publish","hentry"],"_links":{"self":[{"href":"https:\/\/atelier36-archi.fr\/index.php?rest_route=\/wp\/v2\/pages\/311","targetHints":{"allow":["GET"]}}],"collection":[{"href":"https:\/\/atelier36-archi.fr\/index.php?rest_route=\/wp\/v2\/pages"}],"about":[{"href":"https:\/\/atelier36-archi.fr\/index.php?rest_route=\/wp\/v2\/types\/page"}],"author":[{"embeddable":true,"href":"https:\/\/atelier36-archi.fr\/index.php?rest_route=\/wp\/v2\/users\/1"}],"replies":[{"embeddable":true,"href":"https:\/\/atelier36-archi.fr\/index.php?rest_route=%2Fwp%2Fv2%2Fcomments&post=311"}],"version-history":[{"count":6,"href":"https:\/\/atelier36-archi.fr\/index.php?rest_route=\/wp\/v2\/pages\/311\/revisions"}],"predecessor-version":[{"id":340,"href":"https:\/\/atelier36-archi.fr\/index.php?rest_route=\/wp\/v2\/pages\/311\/revisions\/340"}],"up":[{"embeddable":true,"href":"https:\/\/atelier36-archi.fr\/index.php?rest_route=\/wp\/v2\/pages\/56"}],"wp:attachment":[{"href":"https:\/\/atelier36-archi.fr\/index.php?rest_route=%2Fwp%2Fv2%2Fmedia&parent=311"}],"curies":[{"name":"wp","href":"https:\/\/api.w.org\/{rel}","templated":true}]}}