{"id":287,"date":"2023-05-11T11:30:09","date_gmt":"2023-05-11T09:30:09","guid":{"rendered":"http:\/\/atelier36-archi.fr\/?page_id=287"},"modified":"2025-02-17T14:52:32","modified_gmt":"2025-02-17T13:52:32","slug":"faisabilite-adapei-foyer-dhebergement-a-blanquefort-33","status":"publish","type":"page","link":"https:\/\/atelier36-archi.fr\/?page_id=287","title":{"rendered":"ADAPEI Internat et salles d&#8217;activit\u00e9s \u00e0 St Laurent M\u00e9doc (33)"},"content":{"rendered":"\n<p style=\"font-size:18px\"><strong>Extension d\u2019un Institut M\u00e9dico Educatif existant et cr\u00e9ation d\u2019un internat de 10 lits<\/strong><\/p>\n\n\n\n<div class=\"wp-block-columns alignfull is-layout-flex wp-container-core-columns-is-layout-9d6595d7 wp-block-columns-is-layout-flex\">\n<div class=\"wp-block-column is-layout-flow wp-block-column-is-layout-flow\">\n<figure class=\"wp-block-image size-large\"><a href=\"http:\/\/atelier36-archi.fr\/wp-content\/uploads\/2025\/02\/ok-desature.png\"><img loading=\"lazy\" decoding=\"async\" width=\"1024\" height=\"510\" src=\"http:\/\/atelier36-archi.fr\/wp-content\/uploads\/2025\/02\/ok-desature-1024x510.png\" alt=\"\" class=\"wp-image-557\" srcset=\"https:\/\/atelier36-archi.fr\/wp-content\/uploads\/2025\/02\/ok-desature-1024x510.png 1024w, https:\/\/atelier36-archi.fr\/wp-content\/uploads\/2025\/02\/ok-desature-300x149.png 300w, https:\/\/atelier36-archi.fr\/wp-content\/uploads\/2025\/02\/ok-desature-768x382.png 768w, https:\/\/atelier36-archi.fr\/wp-content\/uploads\/2025\/02\/ok-desature-1536x765.png 1536w, https:\/\/atelier36-archi.fr\/wp-content\/uploads\/2025\/02\/ok-desature.png 2040w\" sizes=\"auto, (max-width: 706px) 89vw, (max-width: 767px) 82vw, 740px\" \/><\/a><\/figure>\n<\/div>\n<\/div>\n\n\n\n<p><strong>Maitre d\u2019Ouvrage :&nbsp;&nbsp; ADAPEI 33<\/strong><\/p>\n\n\n\n<p><strong>BET associ\u00e9:&nbsp; &nbsp;&nbsp;&nbsp;&nbsp;&nbsp; AEC Ing\u00e9nierie<\/strong><\/p>\n\n\n\n<p><strong>Surface : &nbsp; &nbsp;&nbsp;&nbsp;&nbsp;&nbsp;&nbsp;900 m\u00b2 SDO<\/strong><\/p>\n\n\n\n<p><strong>Co\u00fbt : &nbsp; &nbsp;&nbsp;&nbsp;&nbsp;&nbsp;&nbsp;<\/strong><strong>2,<\/strong><strong>2<\/strong><strong> <\/strong><strong>M \u20ac <\/strong><strong>ht<\/strong><\/p>\n\n\n\n<p><strong>Mission:&nbsp; &nbsp;&nbsp;&nbsp;&nbsp;&nbsp; Programme, base, Mission OPC sous trait\u00e9e \u00e0 GESCOR<\/strong><\/p>\n\n\n\n<p><strong>Phase : &nbsp; &nbsp;&nbsp;&nbsp;&nbsp;&nbsp;&nbsp;AVP<\/strong><\/p>\n\n\n\n<p><strong>Livraison pr\u00e9vue :&nbsp;&nbsp;&nbsp;&nbsp; fin&nbsp; 2025<\/strong><\/p>\n\n\n\n<p>Notre mission commence par une phase de <strong>programmation<\/strong>, recueil des besoins et r\u00e9daction de programme. C\u2019est l\u2019occasion d\u2019appliquer notre vision du projet : <strong>co-concevoir<\/strong> et apporter tout notre savoir-faire en mati\u00e8re de b\u00e2timent de sant\u00e9 et m\u00e9dico social.<\/p>\n\n\n\n<p>Cette premi\u00e8re \u00e9tape pass\u00e9e, deux esquisses sont propos\u00e9es au Maitre d\u2019ouvrage pour un choix \u00e9clair\u00e9.<\/p>\n\n\n\n<p>Dans les deux cas , le site est consid\u00e9r\u00e9 dans son ensemble, le fonctionnement de l\u2019Institut M\u00e9dico Educatif existant est d\u00e9cortiqu\u00e9 pour cr\u00e9er les connections optimales,&nbsp; les flux sont respect\u00e9s, la conception tire partie de tous les avantages et inconv\u00e9nients du site, le paysage est pr\u00e9serv\u00e9 et mis en valeur.<\/p>\n\n\n\n<p>Principes \u00e9tudi\u00e9es : fonctionnalit\u00e9 et p\u00e9rennit\u00e9, compacit\u00e9 et performance, structure b\u00e9ton, toiture terrasse v\u00e9g\u00e9talis\u00e9e lourde, mat\u00e9riaux biosourc\u00e9s, climatisation&nbsp; et ventilation nocturne.<\/p>\n\n\n\n<figure class=\"wp-block-image size-large\"><a href=\"http:\/\/atelier36-archi.fr\/wp-content\/uploads\/2024\/06\/AR301-Volumetrie-generale_A3-scaled.jpg\"><img loading=\"lazy\" decoding=\"async\" width=\"1024\" height=\"651\" src=\"http:\/\/atelier36-archi.fr\/wp-content\/uploads\/2024\/06\/AR301-Volumetrie-generale_A3-1024x651.jpg\" alt=\"\" class=\"wp-image-526\" srcset=\"https:\/\/atelier36-archi.fr\/wp-content\/uploads\/2024\/06\/AR301-Volumetrie-generale_A3-1024x651.jpg 1024w, https:\/\/atelier36-archi.fr\/wp-content\/uploads\/2024\/06\/AR301-Volumetrie-generale_A3-300x191.jpg 300w, https:\/\/atelier36-archi.fr\/wp-content\/uploads\/2024\/06\/AR301-Volumetrie-generale_A3-768x489.jpg 768w, https:\/\/atelier36-archi.fr\/wp-content\/uploads\/2024\/06\/AR301-Volumetrie-generale_A3-1536x977.jpg 1536w, https:\/\/atelier36-archi.fr\/wp-content\/uploads\/2024\/06\/AR301-Volumetrie-generale_A3-2048x1303.jpg 2048w\" sizes=\"auto, (max-width: 706px) 89vw, (max-width: 767px) 82vw, 740px\" \/><\/a><\/figure>\n\n\n\n<figure class=\"wp-block-image size-large\"><a href=\"http:\/\/atelier36-archi.fr\/wp-content\/uploads\/2024\/06\/AR502-Details-50e_A3-1-scaled.jpg\"><img loading=\"lazy\" decoding=\"async\" width=\"1024\" height=\"643\" src=\"http:\/\/atelier36-archi.fr\/wp-content\/uploads\/2024\/06\/AR502-Details-50e_A3-1-1024x643.jpg\" alt=\"\" class=\"wp-image-528\" srcset=\"https:\/\/atelier36-archi.fr\/wp-content\/uploads\/2024\/06\/AR502-Details-50e_A3-1-1024x643.jpg 1024w, https:\/\/atelier36-archi.fr\/wp-content\/uploads\/2024\/06\/AR502-Details-50e_A3-1-300x188.jpg 300w, https:\/\/atelier36-archi.fr\/wp-content\/uploads\/2024\/06\/AR502-Details-50e_A3-1-768x482.jpg 768w, https:\/\/atelier36-archi.fr\/wp-content\/uploads\/2024\/06\/AR502-Details-50e_A3-1-1536x965.jpg 1536w, https:\/\/atelier36-archi.fr\/wp-content\/uploads\/2024\/06\/AR502-Details-50e_A3-1-2048x1286.jpg 2048w\" sizes=\"auto, (max-width: 706px) 89vw, (max-width: 767px) 82vw, 740px\" \/><\/a><\/figure>\n\n\n\n<div class=\"wp-block-group\"><div class=\"wp-block-group__inner-container is-layout-constrained wp-block-group-is-layout-constrained\"><\/div><\/div>\n\n\n","protected":false},"excerpt":{"rendered":"<p>Extension d\u2019un Institut M\u00e9dico Educatif existant et cr\u00e9ation d\u2019un internat de 10 lits Maitre d\u2019Ouvrage :&nbsp;&nbsp; ADAPEI 33 BET associ\u00e9:&nbsp; &nbsp;&nbsp;&nbsp;&nbsp;&nbsp; AEC Ing\u00e9nierie Surface : &nbsp; &nbsp;&nbsp;&nbsp;&nbsp;&nbsp;&nbsp;900 m\u00b2 SDO Co\u00fbt : &nbsp; &nbsp;&nbsp;&nbsp;&nbsp;&nbsp;&nbsp;2,2 M \u20ac ht Mission:&nbsp; &nbsp;&nbsp;&nbsp;&nbsp;&nbsp; Programme, base, Mission OPC sous trait\u00e9e \u00e0 GESCOR Phase : &nbsp; &nbsp;&nbsp;&nbsp;&nbsp;&nbsp;&nbsp;AVP Livraison pr\u00e9vue :&nbsp;&nbsp;&nbsp;&nbsp; fin&nbsp; 2025 &hellip; <\/p>\n<p class=\"link-more\"><a href=\"https:\/\/atelier36-archi.fr\/?page_id=287\" class=\"more-link\">Continue reading<span class=\"screen-reader-text\"> &#8220;ADAPEI Internat et salles d&#8217;activit\u00e9s \u00e0 St Laurent M\u00e9doc (33)&#8221;<\/span><\/a><\/p>\n","protected":false},"author":1,"featured_media":0,"parent":56,"menu_order":2,"comment_status":"closed","ping_status":"closed","template":"","meta":{"footnotes":""},"class_list":["post-287","page","type-page","status-publish","hentry"],"_links":{"self":[{"href":"https:\/\/atelier36-archi.fr\/index.php?rest_route=\/wp\/v2\/pages\/287","targetHints":{"allow":["GET"]}}],"collection":[{"href":"https:\/\/atelier36-archi.fr\/index.php?rest_route=\/wp\/v2\/pages"}],"about":[{"href":"https:\/\/atelier36-archi.fr\/index.php?rest_route=\/wp\/v2\/types\/page"}],"author":[{"embeddable":true,"href":"https:\/\/atelier36-archi.fr\/index.php?rest_route=\/wp\/v2\/users\/1"}],"replies":[{"embeddable":true,"href":"https:\/\/atelier36-archi.fr\/index.php?rest_route=%2Fwp%2Fv2%2Fcomments&post=287"}],"version-history":[{"count":19,"href":"https:\/\/atelier36-archi.fr\/index.php?rest_route=\/wp\/v2\/pages\/287\/revisions"}],"predecessor-version":[{"id":588,"href":"https:\/\/atelier36-archi.fr\/index.php?rest_route=\/wp\/v2\/pages\/287\/revisions\/588"}],"up":[{"embeddable":true,"href":"https:\/\/atelier36-archi.fr\/index.php?rest_route=\/wp\/v2\/pages\/56"}],"wp:attachment":[{"href":"https:\/\/atelier36-archi.fr\/index.php?rest_route=%2Fwp%2Fv2%2Fmedia&parent=287"}],"curies":[{"name":"wp","href":"https:\/\/api.w.org\/{rel}","templated":true}]}}