{"id":11,"date":"2022-09-21T11:36:39","date_gmt":"2022-09-21T09:36:39","guid":{"rendered":"http:\/\/atelier36-archi.fr\/?page_id=11"},"modified":"2025-02-17T14:39:52","modified_gmt":"2025-02-17T13:39:52","slug":"a-propos-de","status":"publish","type":"page","link":"https:\/\/atelier36-archi.fr\/?page_id=11","title":{"rendered":"\u00c0 propos de"},"content":{"rendered":"\n<p class=\"has-text-align-center\"><strong>Agence  \u00e0  taille  humaine ,  inventive ,  s\u00e9rieuse  et  r\u00e9active &nbsp;!<\/strong><\/p>\n\n\n\n<figure class=\"wp-block-image size-large\"><img loading=\"lazy\" decoding=\"async\" width=\"768\" height=\"1024\" src=\"http:\/\/atelier36-archi.fr\/wp-content\/uploads\/2022\/09\/IMG_4889-768x1024.jpg\" alt=\"\" class=\"wp-image-47\" srcset=\"https:\/\/atelier36-archi.fr\/wp-content\/uploads\/2022\/09\/IMG_4889-768x1024.jpg 768w, https:\/\/atelier36-archi.fr\/wp-content\/uploads\/2022\/09\/IMG_4889-225x300.jpg 225w, https:\/\/atelier36-archi.fr\/wp-content\/uploads\/2022\/09\/IMG_4889-1152x1536.jpg 1152w, https:\/\/atelier36-archi.fr\/wp-content\/uploads\/2022\/09\/IMG_4889-1536x2048.jpg 1536w, https:\/\/atelier36-archi.fr\/wp-content\/uploads\/2022\/09\/IMG_4889-1568x2091.jpg 1568w, https:\/\/atelier36-archi.fr\/wp-content\/uploads\/2022\/09\/IMG_4889-scaled.jpg 1920w\" sizes=\"auto, (max-width: 706px) 89vw, (max-width: 767px) 82vw, 740px\" \/><\/figure>\n\n\n\n<p>L\u2019agence d\u2019architecture <strong><u>ATELIER 36 <\/u><\/strong>est install\u00e9e \u00e0 Bordeaux (33).<\/p>\n\n\n\n<p>Elle d\u2019appuie sur une exp\u00e9rience de 18 ans de l\u2019architecte Jasmina Pavlova en tant que chef de projet dans deux grosses agences Bordelaises. Elle s\u2019est ainsi sp\u00e9cialis\u00e9e dans\u00a0:<\/p>\n\n\n\n<ul class=\"wp-block-list\">\n<li>la conception et la r\u00e9alisation de projets complexes dans divers domaines : sant\u00e9, m\u00e9dico-social, EHPAD, enseignement sup\u00e9rieur et recherche, pour des Maitres d\u2019ouvrage publics et priv\u00e9s.<\/li>\n\n\n\n<li>la production de diff\u00e9rents types de projets : constructions neuves, restructurations, projets de taille importante ou r\u00e9duite, am\u00e9nagements ext\u00e9rieurs, architecture int\u00e9rieure et mobilier.<\/li>\n<\/ul>\n\n\n\n<p>A l&#8217;\u00e9coute , habitu\u00e9e \u00e0 un \u00e9change dynamique, l&#8217;agence se consacre \u00e0 la recherche de la fonctionnalit\u00e9 et du bien \u00eatre des utilisateurs. De m\u00eame, d\u00e8s la premi\u00e8re esquisse, les notions de d\u00e9veloppement durable et de bioclimatisme sont au coeur de sa conception et mangement de projet. <\/p>\n\n\n\n<p><\/p>\n\n\n\n<p>Concevoir une architecture \u00e9volutive, propice \u00e0 l&#8217;apprentissage, aux soins et \u00e0 la convalescence, au maintien du lien social, s&#8217;int\u00e9gre naturellement dans la d\u00e9marche de l&#8217;agence.<\/p>\n","protected":false},"excerpt":{"rendered":"<p>Agence \u00e0 taille humaine , inventive , s\u00e9rieuse et r\u00e9active &nbsp;! L\u2019agence d\u2019architecture ATELIER 36 est install\u00e9e \u00e0 Bordeaux (33). Elle d\u2019appuie sur une exp\u00e9rience de 18 ans de l\u2019architecte Jasmina Pavlova en tant que chef de projet dans deux grosses agences Bordelaises. Elle s\u2019est ainsi sp\u00e9cialis\u00e9e dans\u00a0: A l&#8217;\u00e9coute , habitu\u00e9e \u00e0 un \u00e9change &hellip; <\/p>\n<p class=\"link-more\"><a href=\"https:\/\/atelier36-archi.fr\/?page_id=11\" class=\"more-link\">Continue reading<span class=\"screen-reader-text\"> &#8220;\u00c0 propos de&#8221;<\/span><\/a><\/p>\n","protected":false},"author":1,"featured_media":0,"parent":0,"menu_order":2,"comment_status":"closed","ping_status":"closed","template":"","meta":{"footnotes":""},"class_list":["post-11","page","type-page","status-publish","hentry"],"_links":{"self":[{"href":"https:\/\/atelier36-archi.fr\/index.php?rest_route=\/wp\/v2\/pages\/11","targetHints":{"allow":["GET"]}}],"collection":[{"href":"https:\/\/atelier36-archi.fr\/index.php?rest_route=\/wp\/v2\/pages"}],"about":[{"href":"https:\/\/atelier36-archi.fr\/index.php?rest_route=\/wp\/v2\/types\/page"}],"author":[{"embeddable":true,"href":"https:\/\/atelier36-archi.fr\/index.php?rest_route=\/wp\/v2\/users\/1"}],"replies":[{"embeddable":true,"href":"https:\/\/atelier36-archi.fr\/index.php?rest_route=%2Fwp%2Fv2%2Fcomments&post=11"}],"version-history":[{"count":11,"href":"https:\/\/atelier36-archi.fr\/index.php?rest_route=\/wp\/v2\/pages\/11\/revisions"}],"predecessor-version":[{"id":581,"href":"https:\/\/atelier36-archi.fr\/index.php?rest_route=\/wp\/v2\/pages\/11\/revisions\/581"}],"wp:attachment":[{"href":"https:\/\/atelier36-archi.fr\/index.php?rest_route=%2Fwp%2Fv2%2Fmedia&parent=11"}],"curies":[{"name":"wp","href":"https:\/\/api.w.org\/{rel}","templated":true}]}}